{"id":2449,"date":"2023-10-09T14:35:24","date_gmt":"2023-10-09T11:35:24","guid":{"rendered":"https:\/\/www.allikukivi.ee\/?post_type=product&#038;p=2449"},"modified":"2024-11-21T13:07:03","modified_gmt":"2024-11-21T11:07:03","slug":"pood-albert","status":"publish","type":"product","link":"https:\/\/www.allikukivi.ee\/en\/toode\/pood-albert\/","title":{"rendered":"Albert"},"content":{"rendered":"","protected":false},"excerpt":{"rendered":"<p>Albert on meie mustas\u00f5stra destillaat. Valmistatud mustas\u00f5straveini j\u00e4\u00e4kidest ja kaks korda destilleeritud. Selle tulemuseks on Allikukivile omaselt on puhas, elegantne ja t\u00f5eliselt musts\u00f5strane kange jook. Sobilik nii prouadele, kui ka h\u00e4rradele!<\/p>\n","protected":false},"featured_media":2603,"template":"","meta":[],"product_brand":[],"product_cat":[15],"product_tag":[],"class_list":{"0":"post-2449","1":"product","2":"type-product","3":"status-publish","4":"has-post-thumbnail","6":"product_cat-veinid","8":"first","9":"instock","10":"shipping-taxable","11":"purchasable","12":"product-type-simple"},"yoast_head":"<!-- This site is optimized with the Yoast SEO plugin v25.3.1 - https:\/\/yoast.com\/wordpress\/plugins\/seo\/ -->\n<title>Albert - Allikukivi Veinim\u00f5is<\/title>\n<meta name=\"description\" content=\"Albert on meie mustas\u00f5stra destillaat. Valmistatud mustas\u00f5straveini j\u00e4\u00e4kidest ja kaks korda destilleeritud.\" \/>\n<meta name=\"robots\" content=\"index, follow, max-snippet:-1, max-image-preview:large, max-video-preview:-1\" \/>\n<link rel=\"canonical\" href=\"https:\/\/www.allikukivi.ee\/en\/toode\/pood-albert\/\" \/>\n<meta property=\"og:locale\" content=\"en_US\" \/>\n<meta property=\"og:type\" content=\"article\" \/>\n<meta property=\"og:title\" content=\"Albert - Allikukivi Veinim\u00f5is\" \/>\n<meta property=\"og:description\" content=\"Albert on meie mustas\u00f5stra destillaat. Valmistatud mustas\u00f5straveini j\u00e4\u00e4kidest ja kaks korda destilleeritud.\" \/>\n<meta property=\"og:url\" content=\"https:\/\/www.allikukivi.ee\/en\/toode\/pood-albert\/\" \/>\n<meta property=\"og:site_name\" content=\"Allikukivi Veinim\u00f5is\" \/>\n<meta property=\"article:publisher\" content=\"https:\/\/www.facebook.com\/allikukiviveinimois\/\" \/>\n<meta property=\"article:modified_time\" content=\"2024-11-21T11:07:03+00:00\" \/>\n<meta property=\"og:image\" content=\"https:\/\/www.allikukivi.ee\/wp-content\/uploads\/2023\/10\/Allikukivi_8442_LR1200.jpg\" \/>\n\t<meta property=\"og:image:width\" content=\"1200\" \/>\n\t<meta property=\"og:image:height\" content=\"1200\" \/>\n\t<meta property=\"og:image:type\" content=\"image\/jpeg\" \/>\n<meta name=\"twitter:card\" content=\"summary_large_image\" \/>\n<meta name=\"twitter:label1\" content=\"Est. reading time\" \/>\n\t<meta name=\"twitter:data1\" content=\"1 minute\" \/>\n<script type=\"application\/ld+json\" class=\"yoast-schema-graph\">{\"@context\":\"https:\/\/schema.org\",\"@graph\":[{\"@type\":\"WebPage\",\"@id\":\"https:\/\/www.allikukivi.ee\/en\/toode\/pood-albert\/\",\"url\":\"https:\/\/www.allikukivi.ee\/en\/toode\/pood-albert\/\",\"name\":\"Albert - Allikukivi Veinim\u00f5is\",\"isPartOf\":{\"@id\":\"https:\/\/www.allikukivi.ee\/en\/#website\"},\"primaryImageOfPage\":{\"@id\":\"https:\/\/www.allikukivi.ee\/en\/toode\/pood-albert\/#primaryimage\"},\"image\":{\"@id\":\"https:\/\/www.allikukivi.ee\/en\/toode\/pood-albert\/#primaryimage\"},\"thumbnailUrl\":\"https:\/\/www.allikukivi.ee\/wp-content\/uploads\/2023\/10\/Allikukivi_8442_LR1200.jpg\",\"datePublished\":\"2023-10-09T11:35:24+00:00\",\"dateModified\":\"2024-11-21T11:07:03+00:00\",\"description\":\"Albert on meie mustas\u00f5stra destillaat. Valmistatud mustas\u00f5straveini j\u00e4\u00e4kidest ja kaks korda destilleeritud.\",\"breadcrumb\":{\"@id\":\"https:\/\/www.allikukivi.ee\/en\/toode\/pood-albert\/#breadcrumb\"},\"inLanguage\":\"en-US\",\"potentialAction\":[{\"@type\":\"ReadAction\",\"target\":[\"https:\/\/www.allikukivi.ee\/en\/toode\/pood-albert\/\"]}]},{\"@type\":\"ImageObject\",\"inLanguage\":\"en-US\",\"@id\":\"https:\/\/www.allikukivi.ee\/en\/toode\/pood-albert\/#primaryimage\",\"url\":\"https:\/\/www.allikukivi.ee\/wp-content\/uploads\/2023\/10\/Allikukivi_8442_LR1200.jpg\",\"contentUrl\":\"https:\/\/www.allikukivi.ee\/wp-content\/uploads\/2023\/10\/Allikukivi_8442_LR1200.jpg\",\"width\":1200,\"height\":1200},{\"@type\":\"BreadcrumbList\",\"@id\":\"https:\/\/www.allikukivi.ee\/en\/toode\/pood-albert\/#breadcrumb\",\"itemListElement\":[{\"@type\":\"ListItem\",\"position\":1,\"name\":\"Home\",\"item\":\"https:\/\/www.allikukivi.ee\/en\/\"},{\"@type\":\"ListItem\",\"position\":2,\"name\":\"Shop\",\"item\":\"https:\/\/www.allikukivi.ee\/en\/shop\/\"},{\"@type\":\"ListItem\",\"position\":3,\"name\":\"Albert\"}]},{\"@type\":\"WebSite\",\"@id\":\"https:\/\/www.allikukivi.ee\/en\/#website\",\"url\":\"https:\/\/www.allikukivi.ee\/en\/\",\"name\":\"Allikukivi Veinim\u00f5is\",\"description\":\"\",\"publisher\":{\"@id\":\"https:\/\/www.allikukivi.ee\/en\/#organization\"},\"potentialAction\":[{\"@type\":\"SearchAction\",\"target\":{\"@type\":\"EntryPoint\",\"urlTemplate\":\"https:\/\/www.allikukivi.ee\/en\/?s={search_term_string}\"},\"query-input\":{\"@type\":\"PropertyValueSpecification\",\"valueRequired\":true,\"valueName\":\"search_term_string\"}}],\"inLanguage\":\"en-US\"},{\"@type\":\"Organization\",\"@id\":\"https:\/\/www.allikukivi.ee\/en\/#organization\",\"name\":\"Allikukivi Veinim\u00f5is\",\"url\":\"https:\/\/www.allikukivi.ee\/en\/\",\"logo\":{\"@type\":\"ImageObject\",\"inLanguage\":\"en-US\",\"@id\":\"https:\/\/www.allikukivi.ee\/en\/#\/schema\/logo\/image\/\",\"url\":\"https:\/\/www.allikukivi.ee\/wp-content\/uploads\/2020\/01\/logo_taustaga-4.png\",\"contentUrl\":\"https:\/\/www.allikukivi.ee\/wp-content\/uploads\/2020\/01\/logo_taustaga-4.png\",\"width\":690,\"height\":465,\"caption\":\"Allikukivi Veinim\u00f5is\"},\"image\":{\"@id\":\"https:\/\/www.allikukivi.ee\/en\/#\/schema\/logo\/image\/\"},\"sameAs\":[\"https:\/\/www.facebook.com\/allikukiviveinimois\/\"]}]}<\/script>\n<!-- \/ Yoast SEO plugin. -->","yoast_head_json":{"title":"Albert - Allikukivi Veinim\u00f5is","description":"Albert on meie mustas\u00f5stra destillaat. Valmistatud mustas\u00f5straveini j\u00e4\u00e4kidest ja kaks korda destilleeritud.","robots":{"index":"index","follow":"follow","max-snippet":"max-snippet:-1","max-image-preview":"max-image-preview:large","max-video-preview":"max-video-preview:-1"},"canonical":"https:\/\/www.allikukivi.ee\/en\/toode\/pood-albert\/","og_locale":"en_US","og_type":"article","og_title":"Albert - Allikukivi Veinim\u00f5is","og_description":"Albert on meie mustas\u00f5stra destillaat. Valmistatud mustas\u00f5straveini j\u00e4\u00e4kidest ja kaks korda destilleeritud.","og_url":"https:\/\/www.allikukivi.ee\/en\/toode\/pood-albert\/","og_site_name":"Allikukivi Veinim\u00f5is","article_publisher":"https:\/\/www.facebook.com\/allikukiviveinimois\/","article_modified_time":"2024-11-21T11:07:03+00:00","og_image":[{"width":1200,"height":1200,"url":"https:\/\/www.allikukivi.ee\/wp-content\/uploads\/2023\/10\/Allikukivi_8442_LR1200.jpg","type":"image\/jpeg"}],"twitter_card":"summary_large_image","twitter_misc":{"Est. reading time":"1 minute"},"schema":{"@context":"https:\/\/schema.org","@graph":[{"@type":"WebPage","@id":"https:\/\/www.allikukivi.ee\/en\/toode\/pood-albert\/","url":"https:\/\/www.allikukivi.ee\/en\/toode\/pood-albert\/","name":"Albert - Allikukivi Veinim\u00f5is","isPartOf":{"@id":"https:\/\/www.allikukivi.ee\/en\/#website"},"primaryImageOfPage":{"@id":"https:\/\/www.allikukivi.ee\/en\/toode\/pood-albert\/#primaryimage"},"image":{"@id":"https:\/\/www.allikukivi.ee\/en\/toode\/pood-albert\/#primaryimage"},"thumbnailUrl":"https:\/\/www.allikukivi.ee\/wp-content\/uploads\/2023\/10\/Allikukivi_8442_LR1200.jpg","datePublished":"2023-10-09T11:35:24+00:00","dateModified":"2024-11-21T11:07:03+00:00","description":"Albert on meie mustas\u00f5stra destillaat. Valmistatud mustas\u00f5straveini j\u00e4\u00e4kidest ja kaks korda destilleeritud.","breadcrumb":{"@id":"https:\/\/www.allikukivi.ee\/en\/toode\/pood-albert\/#breadcrumb"},"inLanguage":"en-US","potentialAction":[{"@type":"ReadAction","target":["https:\/\/www.allikukivi.ee\/en\/toode\/pood-albert\/"]}]},{"@type":"ImageObject","inLanguage":"en-US","@id":"https:\/\/www.allikukivi.ee\/en\/toode\/pood-albert\/#primaryimage","url":"https:\/\/www.allikukivi.ee\/wp-content\/uploads\/2023\/10\/Allikukivi_8442_LR1200.jpg","contentUrl":"https:\/\/www.allikukivi.ee\/wp-content\/uploads\/2023\/10\/Allikukivi_8442_LR1200.jpg","width":1200,"height":1200},{"@type":"BreadcrumbList","@id":"https:\/\/www.allikukivi.ee\/en\/toode\/pood-albert\/#breadcrumb","itemListElement":[{"@type":"ListItem","position":1,"name":"Home","item":"https:\/\/www.allikukivi.ee\/en\/"},{"@type":"ListItem","position":2,"name":"Shop","item":"https:\/\/www.allikukivi.ee\/en\/shop\/"},{"@type":"ListItem","position":3,"name":"Albert"}]},{"@type":"WebSite","@id":"https:\/\/www.allikukivi.ee\/en\/#website","url":"https:\/\/www.allikukivi.ee\/en\/","name":"Allikukivi Veinim\u00f5is","description":"","publisher":{"@id":"https:\/\/www.allikukivi.ee\/en\/#organization"},"potentialAction":[{"@type":"SearchAction","target":{"@type":"EntryPoint","urlTemplate":"https:\/\/www.allikukivi.ee\/en\/?s={search_term_string}"},"query-input":{"@type":"PropertyValueSpecification","valueRequired":true,"valueName":"search_term_string"}}],"inLanguage":"en-US"},{"@type":"Organization","@id":"https:\/\/www.allikukivi.ee\/en\/#organization","name":"Allikukivi Veinim\u00f5is","url":"https:\/\/www.allikukivi.ee\/en\/","logo":{"@type":"ImageObject","inLanguage":"en-US","@id":"https:\/\/www.allikukivi.ee\/en\/#\/schema\/logo\/image\/","url":"https:\/\/www.allikukivi.ee\/wp-content\/uploads\/2020\/01\/logo_taustaga-4.png","contentUrl":"https:\/\/www.allikukivi.ee\/wp-content\/uploads\/2020\/01\/logo_taustaga-4.png","width":690,"height":465,"caption":"Allikukivi Veinim\u00f5is"},"image":{"@id":"https:\/\/www.allikukivi.ee\/en\/#\/schema\/logo\/image\/"},"sameAs":["https:\/\/www.facebook.com\/allikukiviveinimois\/"]}]}},"_links":{"self":[{"href":"https:\/\/www.allikukivi.ee\/en\/wp-json\/wp\/v2\/product\/2449","targetHints":{"allow":["GET"]}}],"collection":[{"href":"https:\/\/www.allikukivi.ee\/en\/wp-json\/wp\/v2\/product"}],"about":[{"href":"https:\/\/www.allikukivi.ee\/en\/wp-json\/wp\/v2\/types\/product"}],"wp:featuredmedia":[{"embeddable":true,"href":"https:\/\/www.allikukivi.ee\/en\/wp-json\/wp\/v2\/media\/2603"}],"wp:attachment":[{"href":"https:\/\/www.allikukivi.ee\/en\/wp-json\/wp\/v2\/media?parent=2449"}],"wp:term":[{"taxonomy":"product_brand","embeddable":true,"href":"https:\/\/www.allikukivi.ee\/en\/wp-json\/wp\/v2\/product_brand?post=2449"},{"taxonomy":"product_cat","embeddable":true,"href":"https:\/\/www.allikukivi.ee\/en\/wp-json\/wp\/v2\/product_cat?post=2449"},{"taxonomy":"product_tag","embeddable":true,"href":"https:\/\/www.allikukivi.ee\/en\/wp-json\/wp\/v2\/product_tag?post=2449"}],"curies":[{"name":"wp","href":"https:\/\/api.w.org\/{rel}","templated":true}]}}