{"id":2223,"date":"2022-06-15T21:23:53","date_gmt":"2022-06-15T18:23:53","guid":{"rendered":"https:\/\/www.allikukivi.ee\/?post_type=product&#038;p=2223"},"modified":"2025-11-14T17:05:24","modified_gmt":"2025-11-14T15:05:24","slug":"juubel","status":"publish","type":"product","link":"https:\/\/www.allikukivi.ee\/en\/toode\/juubel\/","title":{"rendered":"Rohelise s\u00f5stra vahuvein &#8220;Anniversery edition&#8221;"},"content":{"rendered":"","protected":false},"excerpt":{"rendered":"<p>Rohelise s\u00f5stra vahuvein &#8220;Anniversery edition&#8221;<\/p>\n<p>Tegemist on Allikukivi Veinim\u00f5isa 10-ks aastap\u00e4evaks p\u00fchandatud joogiga. Vahuvein on seisnud 2 aastat settel, ning alles siis \u00fcmberkorgitud. Lisaks on vahuvein seisnud ka natuke aega tammevaadis.<\/p>\n","protected":false},"featured_media":2730,"template":"","meta":[],"product_brand":[],"product_cat":[15],"product_tag":[],"class_list":{"0":"post-2223","1":"product","2":"type-product","3":"status-publish","4":"has-post-thumbnail","6":"product_cat-veinid","8":"first","9":"instock","10":"shipping-taxable","11":"purchasable","12":"product-type-simple"},"yoast_head":"<!-- This site is optimized with the Yoast SEO plugin v25.3.1 - https:\/\/yoast.com\/wordpress\/plugins\/seo\/ -->\n<title>Rohelise s\u00f5stra vahuvein &quot;Anniversery edition&quot; - Allikukivi Veinim\u00f5is<\/title>\n<meta name=\"description\" content=\"24.09 toimub selle hooaja viimane \u00f5htus\u00f6\u00f6k Allikukivi Veinim\u00f5isas. S\u00fc\u00fca teeb Dominici peakokk Allar Oeselg.\" \/>\n<meta name=\"robots\" content=\"index, follow, max-snippet:-1, max-image-preview:large, max-video-preview:-1\" \/>\n<link rel=\"canonical\" href=\"https:\/\/www.allikukivi.ee\/en\/toode\/juubel\/\" \/>\n<meta property=\"og:locale\" content=\"en_US\" \/>\n<meta property=\"og:type\" content=\"article\" \/>\n<meta property=\"og:title\" content=\"Rohelise s\u00f5stra vahuvein &quot;Anniversery edition&quot; - Allikukivi Veinim\u00f5is\" \/>\n<meta property=\"og:description\" content=\"24.09 toimub selle hooaja viimane \u00f5htus\u00f6\u00f6k Allikukivi Veinim\u00f5isas. S\u00fc\u00fca teeb Dominici peakokk Allar Oeselg.\" \/>\n<meta property=\"og:url\" content=\"https:\/\/www.allikukivi.ee\/en\/toode\/juubel\/\" \/>\n<meta property=\"og:site_name\" content=\"Allikukivi Veinim\u00f5is\" \/>\n<meta property=\"article:publisher\" content=\"https:\/\/www.facebook.com\/allikukiviveinimois\/\" \/>\n<meta property=\"article:modified_time\" content=\"2025-11-14T15:05:24+00:00\" \/>\n<meta property=\"og:image\" content=\"https:\/\/www.allikukivi.ee\/wp-content\/uploads\/2022\/06\/Roheline_s6star-scaled.jpeg\" \/>\n\t<meta property=\"og:image:width\" content=\"2560\" \/>\n\t<meta property=\"og:image:height\" content=\"2560\" \/>\n\t<meta property=\"og:image:type\" content=\"image\/jpeg\" \/>\n<meta name=\"twitter:card\" content=\"summary_large_image\" \/>\n<meta name=\"twitter:label1\" content=\"Est. reading time\" \/>\n\t<meta name=\"twitter:data1\" content=\"1 minute\" \/>\n<script type=\"application\/ld+json\" class=\"yoast-schema-graph\">{\"@context\":\"https:\/\/schema.org\",\"@graph\":[{\"@type\":\"WebPage\",\"@id\":\"https:\/\/www.allikukivi.ee\/en\/toode\/juubel\/\",\"url\":\"https:\/\/www.allikukivi.ee\/en\/toode\/juubel\/\",\"name\":\"Rohelise s\u00f5stra vahuvein \\\"Anniversery edition\\\" - Allikukivi Veinim\u00f5is\",\"isPartOf\":{\"@id\":\"https:\/\/www.allikukivi.ee\/en\/#website\"},\"primaryImageOfPage\":{\"@id\":\"https:\/\/www.allikukivi.ee\/en\/toode\/juubel\/#primaryimage\"},\"image\":{\"@id\":\"https:\/\/www.allikukivi.ee\/en\/toode\/juubel\/#primaryimage\"},\"thumbnailUrl\":\"https:\/\/www.allikukivi.ee\/wp-content\/uploads\/2022\/06\/Roheline_s6star-scaled.jpeg\",\"datePublished\":\"2022-06-15T18:23:53+00:00\",\"dateModified\":\"2025-11-14T15:05:24+00:00\",\"description\":\"24.09 toimub selle hooaja viimane \u00f5htus\u00f6\u00f6k Allikukivi Veinim\u00f5isas. S\u00fc\u00fca teeb Dominici peakokk Allar Oeselg.\",\"breadcrumb\":{\"@id\":\"https:\/\/www.allikukivi.ee\/en\/toode\/juubel\/#breadcrumb\"},\"inLanguage\":\"en-US\",\"potentialAction\":[{\"@type\":\"ReadAction\",\"target\":[\"https:\/\/www.allikukivi.ee\/en\/toode\/juubel\/\"]}]},{\"@type\":\"ImageObject\",\"inLanguage\":\"en-US\",\"@id\":\"https:\/\/www.allikukivi.ee\/en\/toode\/juubel\/#primaryimage\",\"url\":\"https:\/\/www.allikukivi.ee\/wp-content\/uploads\/2022\/06\/Roheline_s6star-scaled.jpeg\",\"contentUrl\":\"https:\/\/www.allikukivi.ee\/wp-content\/uploads\/2022\/06\/Roheline_s6star-scaled.jpeg\",\"width\":2560,\"height\":2560},{\"@type\":\"BreadcrumbList\",\"@id\":\"https:\/\/www.allikukivi.ee\/en\/toode\/juubel\/#breadcrumb\",\"itemListElement\":[{\"@type\":\"ListItem\",\"position\":1,\"name\":\"Home\",\"item\":\"https:\/\/www.allikukivi.ee\/en\/\"},{\"@type\":\"ListItem\",\"position\":2,\"name\":\"Shop\",\"item\":\"https:\/\/www.allikukivi.ee\/en\/shop\/\"},{\"@type\":\"ListItem\",\"position\":3,\"name\":\"Rohelise s\u00f5stra vahuvein &#8220;Anniversery edition&#8221;\"}]},{\"@type\":\"WebSite\",\"@id\":\"https:\/\/www.allikukivi.ee\/en\/#website\",\"url\":\"https:\/\/www.allikukivi.ee\/en\/\",\"name\":\"Allikukivi Veinim\u00f5is\",\"description\":\"\",\"publisher\":{\"@id\":\"https:\/\/www.allikukivi.ee\/en\/#organization\"},\"potentialAction\":[{\"@type\":\"SearchAction\",\"target\":{\"@type\":\"EntryPoint\",\"urlTemplate\":\"https:\/\/www.allikukivi.ee\/en\/?s={search_term_string}\"},\"query-input\":{\"@type\":\"PropertyValueSpecification\",\"valueRequired\":true,\"valueName\":\"search_term_string\"}}],\"inLanguage\":\"en-US\"},{\"@type\":\"Organization\",\"@id\":\"https:\/\/www.allikukivi.ee\/en\/#organization\",\"name\":\"Allikukivi Veinim\u00f5is\",\"url\":\"https:\/\/www.allikukivi.ee\/en\/\",\"logo\":{\"@type\":\"ImageObject\",\"inLanguage\":\"en-US\",\"@id\":\"https:\/\/www.allikukivi.ee\/en\/#\/schema\/logo\/image\/\",\"url\":\"https:\/\/www.allikukivi.ee\/wp-content\/uploads\/2020\/01\/logo_taustaga-4.png\",\"contentUrl\":\"https:\/\/www.allikukivi.ee\/wp-content\/uploads\/2020\/01\/logo_taustaga-4.png\",\"width\":690,\"height\":465,\"caption\":\"Allikukivi Veinim\u00f5is\"},\"image\":{\"@id\":\"https:\/\/www.allikukivi.ee\/en\/#\/schema\/logo\/image\/\"},\"sameAs\":[\"https:\/\/www.facebook.com\/allikukiviveinimois\/\"]}]}<\/script>\n<!-- \/ Yoast SEO plugin. -->","yoast_head_json":{"title":"Rohelise s\u00f5stra vahuvein \"Anniversery edition\" - Allikukivi Veinim\u00f5is","description":"24.09 toimub selle hooaja viimane \u00f5htus\u00f6\u00f6k Allikukivi Veinim\u00f5isas. S\u00fc\u00fca teeb Dominici peakokk Allar Oeselg.","robots":{"index":"index","follow":"follow","max-snippet":"max-snippet:-1","max-image-preview":"max-image-preview:large","max-video-preview":"max-video-preview:-1"},"canonical":"https:\/\/www.allikukivi.ee\/en\/toode\/juubel\/","og_locale":"en_US","og_type":"article","og_title":"Rohelise s\u00f5stra vahuvein \"Anniversery edition\" - Allikukivi Veinim\u00f5is","og_description":"24.09 toimub selle hooaja viimane \u00f5htus\u00f6\u00f6k Allikukivi Veinim\u00f5isas. S\u00fc\u00fca teeb Dominici peakokk Allar Oeselg.","og_url":"https:\/\/www.allikukivi.ee\/en\/toode\/juubel\/","og_site_name":"Allikukivi Veinim\u00f5is","article_publisher":"https:\/\/www.facebook.com\/allikukiviveinimois\/","article_modified_time":"2025-11-14T15:05:24+00:00","og_image":[{"width":2560,"height":2560,"url":"https:\/\/www.allikukivi.ee\/wp-content\/uploads\/2022\/06\/Roheline_s6star-scaled.jpeg","type":"image\/jpeg"}],"twitter_card":"summary_large_image","twitter_misc":{"Est. reading time":"1 minute"},"schema":{"@context":"https:\/\/schema.org","@graph":[{"@type":"WebPage","@id":"https:\/\/www.allikukivi.ee\/en\/toode\/juubel\/","url":"https:\/\/www.allikukivi.ee\/en\/toode\/juubel\/","name":"Rohelise s\u00f5stra vahuvein \"Anniversery edition\" - Allikukivi Veinim\u00f5is","isPartOf":{"@id":"https:\/\/www.allikukivi.ee\/en\/#website"},"primaryImageOfPage":{"@id":"https:\/\/www.allikukivi.ee\/en\/toode\/juubel\/#primaryimage"},"image":{"@id":"https:\/\/www.allikukivi.ee\/en\/toode\/juubel\/#primaryimage"},"thumbnailUrl":"https:\/\/www.allikukivi.ee\/wp-content\/uploads\/2022\/06\/Roheline_s6star-scaled.jpeg","datePublished":"2022-06-15T18:23:53+00:00","dateModified":"2025-11-14T15:05:24+00:00","description":"24.09 toimub selle hooaja viimane \u00f5htus\u00f6\u00f6k Allikukivi Veinim\u00f5isas. S\u00fc\u00fca teeb Dominici peakokk Allar Oeselg.","breadcrumb":{"@id":"https:\/\/www.allikukivi.ee\/en\/toode\/juubel\/#breadcrumb"},"inLanguage":"en-US","potentialAction":[{"@type":"ReadAction","target":["https:\/\/www.allikukivi.ee\/en\/toode\/juubel\/"]}]},{"@type":"ImageObject","inLanguage":"en-US","@id":"https:\/\/www.allikukivi.ee\/en\/toode\/juubel\/#primaryimage","url":"https:\/\/www.allikukivi.ee\/wp-content\/uploads\/2022\/06\/Roheline_s6star-scaled.jpeg","contentUrl":"https:\/\/www.allikukivi.ee\/wp-content\/uploads\/2022\/06\/Roheline_s6star-scaled.jpeg","width":2560,"height":2560},{"@type":"BreadcrumbList","@id":"https:\/\/www.allikukivi.ee\/en\/toode\/juubel\/#breadcrumb","itemListElement":[{"@type":"ListItem","position":1,"name":"Home","item":"https:\/\/www.allikukivi.ee\/en\/"},{"@type":"ListItem","position":2,"name":"Shop","item":"https:\/\/www.allikukivi.ee\/en\/shop\/"},{"@type":"ListItem","position":3,"name":"Rohelise s\u00f5stra vahuvein &#8220;Anniversery edition&#8221;"}]},{"@type":"WebSite","@id":"https:\/\/www.allikukivi.ee\/en\/#website","url":"https:\/\/www.allikukivi.ee\/en\/","name":"Allikukivi Veinim\u00f5is","description":"","publisher":{"@id":"https:\/\/www.allikukivi.ee\/en\/#organization"},"potentialAction":[{"@type":"SearchAction","target":{"@type":"EntryPoint","urlTemplate":"https:\/\/www.allikukivi.ee\/en\/?s={search_term_string}"},"query-input":{"@type":"PropertyValueSpecification","valueRequired":true,"valueName":"search_term_string"}}],"inLanguage":"en-US"},{"@type":"Organization","@id":"https:\/\/www.allikukivi.ee\/en\/#organization","name":"Allikukivi Veinim\u00f5is","url":"https:\/\/www.allikukivi.ee\/en\/","logo":{"@type":"ImageObject","inLanguage":"en-US","@id":"https:\/\/www.allikukivi.ee\/en\/#\/schema\/logo\/image\/","url":"https:\/\/www.allikukivi.ee\/wp-content\/uploads\/2020\/01\/logo_taustaga-4.png","contentUrl":"https:\/\/www.allikukivi.ee\/wp-content\/uploads\/2020\/01\/logo_taustaga-4.png","width":690,"height":465,"caption":"Allikukivi Veinim\u00f5is"},"image":{"@id":"https:\/\/www.allikukivi.ee\/en\/#\/schema\/logo\/image\/"},"sameAs":["https:\/\/www.facebook.com\/allikukiviveinimois\/"]}]}},"_links":{"self":[{"href":"https:\/\/www.allikukivi.ee\/en\/wp-json\/wp\/v2\/product\/2223","targetHints":{"allow":["GET"]}}],"collection":[{"href":"https:\/\/www.allikukivi.ee\/en\/wp-json\/wp\/v2\/product"}],"about":[{"href":"https:\/\/www.allikukivi.ee\/en\/wp-json\/wp\/v2\/types\/product"}],"wp:featuredmedia":[{"embeddable":true,"href":"https:\/\/www.allikukivi.ee\/en\/wp-json\/wp\/v2\/media\/2730"}],"wp:attachment":[{"href":"https:\/\/www.allikukivi.ee\/en\/wp-json\/wp\/v2\/media?parent=2223"}],"wp:term":[{"taxonomy":"product_brand","embeddable":true,"href":"https:\/\/www.allikukivi.ee\/en\/wp-json\/wp\/v2\/product_brand?post=2223"},{"taxonomy":"product_cat","embeddable":true,"href":"https:\/\/www.allikukivi.ee\/en\/wp-json\/wp\/v2\/product_cat?post=2223"},{"taxonomy":"product_tag","embeddable":true,"href":"https:\/\/www.allikukivi.ee\/en\/wp-json\/wp\/v2\/product_tag?post=2223"}],"curies":[{"name":"wp","href":"https:\/\/api.w.org\/{rel}","templated":true}]}}