{"id":1704,"date":"2021-05-04T22:06:58","date_gmt":"2021-05-04T19:06:58","guid":{"rendered":"https:\/\/www.allikukivi.ee\/?post_type=product&#038;p=1704"},"modified":"2026-01-09T19:03:39","modified_gmt":"2026-01-09T17:03:39","slug":"vahuvein","status":"publish","type":"product","link":"https:\/\/www.allikukivi.ee\/en\/toode\/vahuvein\/","title":{"rendered":"Rohelise s\u00f5stra vahuvein"},"content":{"rendered":"","protected":false},"excerpt":{"rendered":"<p>Tegemist on keskmise t\u00e4idlusega, kuiva vahuveiniga. Aroomis on tunda rohelist s\u00f5start, mustas\u00f5stra lehte. Maitse on kuiv, peene mulliga. Tunda on p\u00e4rmisette laagerdust, s\u00f5straid, natukene v\u00f5isust. Sobib aperatiiviks v\u00f5i kergemate mereandide juurde. Valmistatud traditsioonilisel meetodil. Settel seisnud 9-12 kuud. Serveerida 6-8\u00b0C.<\/p>\n<p>Rohelise s\u00f5stra vahuvein on p\u00e4rjatud Eesti parima joogi festivalil \u201cAasta parim vahuvein 2022\u201d ning &#8220;Aasta vahuvein 2023&#8221; h\u00f5bem\u00e4rgisega<\/p>\n","protected":false},"featured_media":2759,"template":"","meta":[],"product_brand":[],"product_cat":[15],"product_tag":[],"class_list":{"0":"post-1704","1":"product","2":"type-product","3":"status-publish","4":"has-post-thumbnail","6":"product_cat-veinid","8":"first","9":"instock","10":"shipping-taxable","11":"purchasable","12":"product-type-simple"},"yoast_head":"<!-- This site is optimized with the Yoast SEO plugin v25.3.1 - https:\/\/yoast.com\/wordpress\/plugins\/seo\/ -->\n<title>Rohelise s\u00f5stra vahuvein - Allikukivi Veinim\u00f5is<\/title>\n<meta name=\"description\" content=\"Roheliseds\u00f5strad on korjatud Allikukivi Veinim\u00f5isa enda aiast. Vahuvein on tehtud traditsioonilisel meetodil ning seisnud settel 9 kuud.\" \/>\n<meta name=\"robots\" content=\"index, follow, max-snippet:-1, max-image-preview:large, max-video-preview:-1\" \/>\n<link rel=\"canonical\" href=\"https:\/\/www.allikukivi.ee\/en\/toode\/vahuvein\/\" \/>\n<meta property=\"og:locale\" content=\"en_US\" \/>\n<meta property=\"og:type\" content=\"article\" \/>\n<meta property=\"og:title\" content=\"Rohelise s\u00f5stra vahuvein - Allikukivi Veinim\u00f5is\" \/>\n<meta property=\"og:description\" content=\"Roheliseds\u00f5strad on korjatud Allikukivi Veinim\u00f5isa enda aiast. Vahuvein on tehtud traditsioonilisel meetodil ning seisnud settel 9 kuud.\" \/>\n<meta property=\"og:url\" content=\"https:\/\/www.allikukivi.ee\/en\/toode\/vahuvein\/\" \/>\n<meta property=\"og:site_name\" content=\"Allikukivi Veinim\u00f5is\" \/>\n<meta property=\"article:publisher\" content=\"https:\/\/www.facebook.com\/allikukiviveinimois\/\" \/>\n<meta property=\"article:modified_time\" content=\"2026-01-09T17:03:39+00:00\" \/>\n<meta property=\"og:image\" content=\"https:\/\/www.allikukivi.ee\/wp-content\/uploads\/2021\/05\/IMG_2232-scaled.jpg\" \/>\n\t<meta property=\"og:image:width\" content=\"1920\" \/>\n\t<meta property=\"og:image:height\" content=\"2560\" \/>\n\t<meta property=\"og:image:type\" content=\"image\/jpeg\" \/>\n<meta name=\"twitter:card\" content=\"summary_large_image\" \/>\n<meta name=\"twitter:label1\" content=\"Est. reading time\" \/>\n\t<meta name=\"twitter:data1\" content=\"1 minute\" \/>\n<script type=\"application\/ld+json\" class=\"yoast-schema-graph\">{\"@context\":\"https:\/\/schema.org\",\"@graph\":[{\"@type\":\"WebPage\",\"@id\":\"https:\/\/www.allikukivi.ee\/en\/toode\/vahuvein\/\",\"url\":\"https:\/\/www.allikukivi.ee\/en\/toode\/vahuvein\/\",\"name\":\"Rohelise s\u00f5stra vahuvein - Allikukivi Veinim\u00f5is\",\"isPartOf\":{\"@id\":\"https:\/\/www.allikukivi.ee\/en\/#website\"},\"primaryImageOfPage\":{\"@id\":\"https:\/\/www.allikukivi.ee\/en\/toode\/vahuvein\/#primaryimage\"},\"image\":{\"@id\":\"https:\/\/www.allikukivi.ee\/en\/toode\/vahuvein\/#primaryimage\"},\"thumbnailUrl\":\"https:\/\/www.allikukivi.ee\/wp-content\/uploads\/2021\/05\/IMG_2232-scaled.jpg\",\"datePublished\":\"2021-05-04T19:06:58+00:00\",\"dateModified\":\"2026-01-09T17:03:39+00:00\",\"description\":\"Roheliseds\u00f5strad on korjatud Allikukivi Veinim\u00f5isa enda aiast. Vahuvein on tehtud traditsioonilisel meetodil ning seisnud settel 9 kuud.\",\"breadcrumb\":{\"@id\":\"https:\/\/www.allikukivi.ee\/en\/toode\/vahuvein\/#breadcrumb\"},\"inLanguage\":\"en-US\",\"potentialAction\":[{\"@type\":\"ReadAction\",\"target\":[\"https:\/\/www.allikukivi.ee\/en\/toode\/vahuvein\/\"]}]},{\"@type\":\"ImageObject\",\"inLanguage\":\"en-US\",\"@id\":\"https:\/\/www.allikukivi.ee\/en\/toode\/vahuvein\/#primaryimage\",\"url\":\"https:\/\/www.allikukivi.ee\/wp-content\/uploads\/2021\/05\/IMG_2232-scaled.jpg\",\"contentUrl\":\"https:\/\/www.allikukivi.ee\/wp-content\/uploads\/2021\/05\/IMG_2232-scaled.jpg\",\"width\":1920,\"height\":2560},{\"@type\":\"BreadcrumbList\",\"@id\":\"https:\/\/www.allikukivi.ee\/en\/toode\/vahuvein\/#breadcrumb\",\"itemListElement\":[{\"@type\":\"ListItem\",\"position\":1,\"name\":\"Home\",\"item\":\"https:\/\/www.allikukivi.ee\/en\/\"},{\"@type\":\"ListItem\",\"position\":2,\"name\":\"Shop\",\"item\":\"https:\/\/www.allikukivi.ee\/en\/shop\/\"},{\"@type\":\"ListItem\",\"position\":3,\"name\":\"Rohelise s\u00f5stra vahuvein\"}]},{\"@type\":\"WebSite\",\"@id\":\"https:\/\/www.allikukivi.ee\/en\/#website\",\"url\":\"https:\/\/www.allikukivi.ee\/en\/\",\"name\":\"Allikukivi Veinim\u00f5is\",\"description\":\"\",\"publisher\":{\"@id\":\"https:\/\/www.allikukivi.ee\/en\/#organization\"},\"potentialAction\":[{\"@type\":\"SearchAction\",\"target\":{\"@type\":\"EntryPoint\",\"urlTemplate\":\"https:\/\/www.allikukivi.ee\/en\/?s={search_term_string}\"},\"query-input\":{\"@type\":\"PropertyValueSpecification\",\"valueRequired\":true,\"valueName\":\"search_term_string\"}}],\"inLanguage\":\"en-US\"},{\"@type\":\"Organization\",\"@id\":\"https:\/\/www.allikukivi.ee\/en\/#organization\",\"name\":\"Allikukivi Veinim\u00f5is\",\"url\":\"https:\/\/www.allikukivi.ee\/en\/\",\"logo\":{\"@type\":\"ImageObject\",\"inLanguage\":\"en-US\",\"@id\":\"https:\/\/www.allikukivi.ee\/en\/#\/schema\/logo\/image\/\",\"url\":\"https:\/\/www.allikukivi.ee\/wp-content\/uploads\/2020\/01\/logo_taustaga-4.png\",\"contentUrl\":\"https:\/\/www.allikukivi.ee\/wp-content\/uploads\/2020\/01\/logo_taustaga-4.png\",\"width\":690,\"height\":465,\"caption\":\"Allikukivi Veinim\u00f5is\"},\"image\":{\"@id\":\"https:\/\/www.allikukivi.ee\/en\/#\/schema\/logo\/image\/\"},\"sameAs\":[\"https:\/\/www.facebook.com\/allikukiviveinimois\/\"]}]}<\/script>\n<!-- \/ Yoast SEO plugin. -->","yoast_head_json":{"title":"Rohelise s\u00f5stra vahuvein - Allikukivi Veinim\u00f5is","description":"Roheliseds\u00f5strad on korjatud Allikukivi Veinim\u00f5isa enda aiast. Vahuvein on tehtud traditsioonilisel meetodil ning seisnud settel 9 kuud.","robots":{"index":"index","follow":"follow","max-snippet":"max-snippet:-1","max-image-preview":"max-image-preview:large","max-video-preview":"max-video-preview:-1"},"canonical":"https:\/\/www.allikukivi.ee\/en\/toode\/vahuvein\/","og_locale":"en_US","og_type":"article","og_title":"Rohelise s\u00f5stra vahuvein - Allikukivi Veinim\u00f5is","og_description":"Roheliseds\u00f5strad on korjatud Allikukivi Veinim\u00f5isa enda aiast. Vahuvein on tehtud traditsioonilisel meetodil ning seisnud settel 9 kuud.","og_url":"https:\/\/www.allikukivi.ee\/en\/toode\/vahuvein\/","og_site_name":"Allikukivi Veinim\u00f5is","article_publisher":"https:\/\/www.facebook.com\/allikukiviveinimois\/","article_modified_time":"2026-01-09T17:03:39+00:00","og_image":[{"width":1920,"height":2560,"url":"https:\/\/www.allikukivi.ee\/wp-content\/uploads\/2021\/05\/IMG_2232-scaled.jpg","type":"image\/jpeg"}],"twitter_card":"summary_large_image","twitter_misc":{"Est. reading time":"1 minute"},"schema":{"@context":"https:\/\/schema.org","@graph":[{"@type":"WebPage","@id":"https:\/\/www.allikukivi.ee\/en\/toode\/vahuvein\/","url":"https:\/\/www.allikukivi.ee\/en\/toode\/vahuvein\/","name":"Rohelise s\u00f5stra vahuvein - Allikukivi Veinim\u00f5is","isPartOf":{"@id":"https:\/\/www.allikukivi.ee\/en\/#website"},"primaryImageOfPage":{"@id":"https:\/\/www.allikukivi.ee\/en\/toode\/vahuvein\/#primaryimage"},"image":{"@id":"https:\/\/www.allikukivi.ee\/en\/toode\/vahuvein\/#primaryimage"},"thumbnailUrl":"https:\/\/www.allikukivi.ee\/wp-content\/uploads\/2021\/05\/IMG_2232-scaled.jpg","datePublished":"2021-05-04T19:06:58+00:00","dateModified":"2026-01-09T17:03:39+00:00","description":"Roheliseds\u00f5strad on korjatud Allikukivi Veinim\u00f5isa enda aiast. Vahuvein on tehtud traditsioonilisel meetodil ning seisnud settel 9 kuud.","breadcrumb":{"@id":"https:\/\/www.allikukivi.ee\/en\/toode\/vahuvein\/#breadcrumb"},"inLanguage":"en-US","potentialAction":[{"@type":"ReadAction","target":["https:\/\/www.allikukivi.ee\/en\/toode\/vahuvein\/"]}]},{"@type":"ImageObject","inLanguage":"en-US","@id":"https:\/\/www.allikukivi.ee\/en\/toode\/vahuvein\/#primaryimage","url":"https:\/\/www.allikukivi.ee\/wp-content\/uploads\/2021\/05\/IMG_2232-scaled.jpg","contentUrl":"https:\/\/www.allikukivi.ee\/wp-content\/uploads\/2021\/05\/IMG_2232-scaled.jpg","width":1920,"height":2560},{"@type":"BreadcrumbList","@id":"https:\/\/www.allikukivi.ee\/en\/toode\/vahuvein\/#breadcrumb","itemListElement":[{"@type":"ListItem","position":1,"name":"Home","item":"https:\/\/www.allikukivi.ee\/en\/"},{"@type":"ListItem","position":2,"name":"Shop","item":"https:\/\/www.allikukivi.ee\/en\/shop\/"},{"@type":"ListItem","position":3,"name":"Rohelise s\u00f5stra vahuvein"}]},{"@type":"WebSite","@id":"https:\/\/www.allikukivi.ee\/en\/#website","url":"https:\/\/www.allikukivi.ee\/en\/","name":"Allikukivi Veinim\u00f5is","description":"","publisher":{"@id":"https:\/\/www.allikukivi.ee\/en\/#organization"},"potentialAction":[{"@type":"SearchAction","target":{"@type":"EntryPoint","urlTemplate":"https:\/\/www.allikukivi.ee\/en\/?s={search_term_string}"},"query-input":{"@type":"PropertyValueSpecification","valueRequired":true,"valueName":"search_term_string"}}],"inLanguage":"en-US"},{"@type":"Organization","@id":"https:\/\/www.allikukivi.ee\/en\/#organization","name":"Allikukivi Veinim\u00f5is","url":"https:\/\/www.allikukivi.ee\/en\/","logo":{"@type":"ImageObject","inLanguage":"en-US","@id":"https:\/\/www.allikukivi.ee\/en\/#\/schema\/logo\/image\/","url":"https:\/\/www.allikukivi.ee\/wp-content\/uploads\/2020\/01\/logo_taustaga-4.png","contentUrl":"https:\/\/www.allikukivi.ee\/wp-content\/uploads\/2020\/01\/logo_taustaga-4.png","width":690,"height":465,"caption":"Allikukivi Veinim\u00f5is"},"image":{"@id":"https:\/\/www.allikukivi.ee\/en\/#\/schema\/logo\/image\/"},"sameAs":["https:\/\/www.facebook.com\/allikukiviveinimois\/"]}]}},"_links":{"self":[{"href":"https:\/\/www.allikukivi.ee\/en\/wp-json\/wp\/v2\/product\/1704","targetHints":{"allow":["GET"]}}],"collection":[{"href":"https:\/\/www.allikukivi.ee\/en\/wp-json\/wp\/v2\/product"}],"about":[{"href":"https:\/\/www.allikukivi.ee\/en\/wp-json\/wp\/v2\/types\/product"}],"wp:featuredmedia":[{"embeddable":true,"href":"https:\/\/www.allikukivi.ee\/en\/wp-json\/wp\/v2\/media\/2759"}],"wp:attachment":[{"href":"https:\/\/www.allikukivi.ee\/en\/wp-json\/wp\/v2\/media?parent=1704"}],"wp:term":[{"taxonomy":"product_brand","embeddable":true,"href":"https:\/\/www.allikukivi.ee\/en\/wp-json\/wp\/v2\/product_brand?post=1704"},{"taxonomy":"product_cat","embeddable":true,"href":"https:\/\/www.allikukivi.ee\/en\/wp-json\/wp\/v2\/product_cat?post=1704"},{"taxonomy":"product_tag","embeddable":true,"href":"https:\/\/www.allikukivi.ee\/en\/wp-json\/wp\/v2\/product_tag?post=1704"}],"curies":[{"name":"wp","href":"https:\/\/api.w.org\/{rel}","templated":true}]}}