{"id":1463,"date":"2020-11-21T20:09:38","date_gmt":"2020-11-21T18:09:38","guid":{"rendered":"https:\/\/www.allikukivi.ee\/?post_type=product&#038;p=1463"},"modified":"2024-12-11T21:47:23","modified_gmt":"2024-12-11T19:47:23","slug":"vaarikavein","status":"publish","type":"product","link":"https:\/\/www.allikukivi.ee\/en\/toode\/vaarikavein\/","title":{"rendered":"Vaarikavein"},"content":{"rendered":"","protected":false},"excerpt":{"rendered":"<p>Tegemist on poolmagusa ja keskmise t\u00e4idlusega roosaveiniga. Aroomis on tunda v\u00e4rsket vaarikat. Maitse \u00fchtlustub aroomiga ning vaarikas on kenasti tunda. Keskmine j\u00e4relmaitse. Sobib p\u00e4ikselise ilmaga terrassi peal niisama joomiseks v\u00f5i siis kergemate magustoitude juurde. Serveerida vastavalt olukorrale.<\/p>\n<p>Terrassil 7-9\u00b0C ning magustoitude juurde 12-14\u00b0C.<\/p>\n<p>Tegemist on \u00fche Allikukivi populaarsema veiniga<\/p>\n","protected":false},"featured_media":2584,"template":"","meta":[],"product_brand":[],"product_cat":[15],"product_tag":[],"class_list":{"0":"post-1463","1":"product","2":"type-product","3":"status-publish","4":"has-post-thumbnail","6":"product_cat-veinid","8":"first","9":"instock","10":"shipping-taxable","11":"purchasable","12":"product-type-simple"},"yoast_head":"<!-- This site is optimized with the Yoast SEO plugin v25.3.1 - https:\/\/yoast.com\/wordpress\/plugins\/seo\/ -->\n<title>Vaarikavein - Allikukivi Veinim\u00f5is<\/title>\n<meta name=\"description\" content=\"Vaarikaid t\u00e4iendavad punased s\u00f5strad, lastes siiski vaarika maitsel s\u00e4rada. Veinon valmistatud koduaia marjadest. Vein on poolmagus ning sobib h\u00e4sti magustoiduveiniks.\" \/>\n<meta name=\"robots\" content=\"index, follow, max-snippet:-1, max-image-preview:large, max-video-preview:-1\" \/>\n<link rel=\"canonical\" href=\"https:\/\/www.allikukivi.ee\/en\/toode\/vaarikavein\/\" \/>\n<meta property=\"og:locale\" content=\"en_US\" \/>\n<meta property=\"og:type\" content=\"article\" \/>\n<meta property=\"og:title\" content=\"Vaarikavein - Allikukivi Veinim\u00f5is\" \/>\n<meta property=\"og:description\" content=\"Vaarikaid t\u00e4iendavad punased s\u00f5strad, lastes siiski vaarika maitsel s\u00e4rada. Veinon valmistatud koduaia marjadest. Vein on poolmagus ning sobib h\u00e4sti magustoiduveiniks.\" \/>\n<meta property=\"og:url\" content=\"https:\/\/www.allikukivi.ee\/en\/toode\/vaarikavein\/\" \/>\n<meta property=\"og:site_name\" content=\"Allikukivi Veinim\u00f5is\" \/>\n<meta property=\"article:publisher\" content=\"https:\/\/www.facebook.com\/allikukiviveinimois\/\" \/>\n<meta property=\"article:modified_time\" content=\"2024-12-11T19:47:23+00:00\" \/>\n<meta property=\"og:image\" content=\"https:\/\/www.allikukivi.ee\/wp-content\/uploads\/2020\/11\/Allikukivi_8416_LR1200.jpg\" \/>\n\t<meta property=\"og:image:width\" content=\"1200\" \/>\n\t<meta property=\"og:image:height\" content=\"1200\" \/>\n\t<meta property=\"og:image:type\" content=\"image\/jpeg\" \/>\n<meta name=\"twitter:card\" content=\"summary_large_image\" \/>\n<meta name=\"twitter:label1\" content=\"Est. reading time\" \/>\n\t<meta name=\"twitter:data1\" content=\"1 minute\" \/>\n<script type=\"application\/ld+json\" class=\"yoast-schema-graph\">{\"@context\":\"https:\/\/schema.org\",\"@graph\":[{\"@type\":\"WebPage\",\"@id\":\"https:\/\/www.allikukivi.ee\/en\/toode\/vaarikavein\/\",\"url\":\"https:\/\/www.allikukivi.ee\/en\/toode\/vaarikavein\/\",\"name\":\"Vaarikavein - Allikukivi Veinim\u00f5is\",\"isPartOf\":{\"@id\":\"https:\/\/www.allikukivi.ee\/en\/#website\"},\"primaryImageOfPage\":{\"@id\":\"https:\/\/www.allikukivi.ee\/en\/toode\/vaarikavein\/#primaryimage\"},\"image\":{\"@id\":\"https:\/\/www.allikukivi.ee\/en\/toode\/vaarikavein\/#primaryimage\"},\"thumbnailUrl\":\"https:\/\/www.allikukivi.ee\/wp-content\/uploads\/2020\/11\/Allikukivi_8416_LR1200.jpg\",\"datePublished\":\"2020-11-21T18:09:38+00:00\",\"dateModified\":\"2024-12-11T19:47:23+00:00\",\"description\":\"Vaarikaid t\u00e4iendavad punased s\u00f5strad, lastes siiski vaarika maitsel s\u00e4rada. Veinon valmistatud koduaia marjadest. Vein on poolmagus ning sobib h\u00e4sti magustoiduveiniks.\",\"breadcrumb\":{\"@id\":\"https:\/\/www.allikukivi.ee\/en\/toode\/vaarikavein\/#breadcrumb\"},\"inLanguage\":\"en-US\",\"potentialAction\":[{\"@type\":\"ReadAction\",\"target\":[\"https:\/\/www.allikukivi.ee\/en\/toode\/vaarikavein\/\"]}]},{\"@type\":\"ImageObject\",\"inLanguage\":\"en-US\",\"@id\":\"https:\/\/www.allikukivi.ee\/en\/toode\/vaarikavein\/#primaryimage\",\"url\":\"https:\/\/www.allikukivi.ee\/wp-content\/uploads\/2020\/11\/Allikukivi_8416_LR1200.jpg\",\"contentUrl\":\"https:\/\/www.allikukivi.ee\/wp-content\/uploads\/2020\/11\/Allikukivi_8416_LR1200.jpg\",\"width\":1200,\"height\":1200},{\"@type\":\"BreadcrumbList\",\"@id\":\"https:\/\/www.allikukivi.ee\/en\/toode\/vaarikavein\/#breadcrumb\",\"itemListElement\":[{\"@type\":\"ListItem\",\"position\":1,\"name\":\"Home\",\"item\":\"https:\/\/www.allikukivi.ee\/en\/\"},{\"@type\":\"ListItem\",\"position\":2,\"name\":\"Shop\",\"item\":\"https:\/\/www.allikukivi.ee\/en\/shop\/\"},{\"@type\":\"ListItem\",\"position\":3,\"name\":\"Vaarikavein\"}]},{\"@type\":\"WebSite\",\"@id\":\"https:\/\/www.allikukivi.ee\/en\/#website\",\"url\":\"https:\/\/www.allikukivi.ee\/en\/\",\"name\":\"Allikukivi Veinim\u00f5is\",\"description\":\"\",\"publisher\":{\"@id\":\"https:\/\/www.allikukivi.ee\/en\/#organization\"},\"potentialAction\":[{\"@type\":\"SearchAction\",\"target\":{\"@type\":\"EntryPoint\",\"urlTemplate\":\"https:\/\/www.allikukivi.ee\/en\/?s={search_term_string}\"},\"query-input\":{\"@type\":\"PropertyValueSpecification\",\"valueRequired\":true,\"valueName\":\"search_term_string\"}}],\"inLanguage\":\"en-US\"},{\"@type\":\"Organization\",\"@id\":\"https:\/\/www.allikukivi.ee\/en\/#organization\",\"name\":\"Allikukivi Veinim\u00f5is\",\"url\":\"https:\/\/www.allikukivi.ee\/en\/\",\"logo\":{\"@type\":\"ImageObject\",\"inLanguage\":\"en-US\",\"@id\":\"https:\/\/www.allikukivi.ee\/en\/#\/schema\/logo\/image\/\",\"url\":\"https:\/\/www.allikukivi.ee\/wp-content\/uploads\/2020\/01\/logo_taustaga-4.png\",\"contentUrl\":\"https:\/\/www.allikukivi.ee\/wp-content\/uploads\/2020\/01\/logo_taustaga-4.png\",\"width\":690,\"height\":465,\"caption\":\"Allikukivi Veinim\u00f5is\"},\"image\":{\"@id\":\"https:\/\/www.allikukivi.ee\/en\/#\/schema\/logo\/image\/\"},\"sameAs\":[\"https:\/\/www.facebook.com\/allikukiviveinimois\/\"]}]}<\/script>\n<!-- \/ Yoast SEO plugin. -->","yoast_head_json":{"title":"Vaarikavein - Allikukivi Veinim\u00f5is","description":"Vaarikaid t\u00e4iendavad punased s\u00f5strad, lastes siiski vaarika maitsel s\u00e4rada. Veinon valmistatud koduaia marjadest. Vein on poolmagus ning sobib h\u00e4sti magustoiduveiniks.","robots":{"index":"index","follow":"follow","max-snippet":"max-snippet:-1","max-image-preview":"max-image-preview:large","max-video-preview":"max-video-preview:-1"},"canonical":"https:\/\/www.allikukivi.ee\/en\/toode\/vaarikavein\/","og_locale":"en_US","og_type":"article","og_title":"Vaarikavein - Allikukivi Veinim\u00f5is","og_description":"Vaarikaid t\u00e4iendavad punased s\u00f5strad, lastes siiski vaarika maitsel s\u00e4rada. Veinon valmistatud koduaia marjadest. Vein on poolmagus ning sobib h\u00e4sti magustoiduveiniks.","og_url":"https:\/\/www.allikukivi.ee\/en\/toode\/vaarikavein\/","og_site_name":"Allikukivi Veinim\u00f5is","article_publisher":"https:\/\/www.facebook.com\/allikukiviveinimois\/","article_modified_time":"2024-12-11T19:47:23+00:00","og_image":[{"width":1200,"height":1200,"url":"https:\/\/www.allikukivi.ee\/wp-content\/uploads\/2020\/11\/Allikukivi_8416_LR1200.jpg","type":"image\/jpeg"}],"twitter_card":"summary_large_image","twitter_misc":{"Est. reading time":"1 minute"},"schema":{"@context":"https:\/\/schema.org","@graph":[{"@type":"WebPage","@id":"https:\/\/www.allikukivi.ee\/en\/toode\/vaarikavein\/","url":"https:\/\/www.allikukivi.ee\/en\/toode\/vaarikavein\/","name":"Vaarikavein - Allikukivi Veinim\u00f5is","isPartOf":{"@id":"https:\/\/www.allikukivi.ee\/en\/#website"},"primaryImageOfPage":{"@id":"https:\/\/www.allikukivi.ee\/en\/toode\/vaarikavein\/#primaryimage"},"image":{"@id":"https:\/\/www.allikukivi.ee\/en\/toode\/vaarikavein\/#primaryimage"},"thumbnailUrl":"https:\/\/www.allikukivi.ee\/wp-content\/uploads\/2020\/11\/Allikukivi_8416_LR1200.jpg","datePublished":"2020-11-21T18:09:38+00:00","dateModified":"2024-12-11T19:47:23+00:00","description":"Vaarikaid t\u00e4iendavad punased s\u00f5strad, lastes siiski vaarika maitsel s\u00e4rada. Veinon valmistatud koduaia marjadest. Vein on poolmagus ning sobib h\u00e4sti magustoiduveiniks.","breadcrumb":{"@id":"https:\/\/www.allikukivi.ee\/en\/toode\/vaarikavein\/#breadcrumb"},"inLanguage":"en-US","potentialAction":[{"@type":"ReadAction","target":["https:\/\/www.allikukivi.ee\/en\/toode\/vaarikavein\/"]}]},{"@type":"ImageObject","inLanguage":"en-US","@id":"https:\/\/www.allikukivi.ee\/en\/toode\/vaarikavein\/#primaryimage","url":"https:\/\/www.allikukivi.ee\/wp-content\/uploads\/2020\/11\/Allikukivi_8416_LR1200.jpg","contentUrl":"https:\/\/www.allikukivi.ee\/wp-content\/uploads\/2020\/11\/Allikukivi_8416_LR1200.jpg","width":1200,"height":1200},{"@type":"BreadcrumbList","@id":"https:\/\/www.allikukivi.ee\/en\/toode\/vaarikavein\/#breadcrumb","itemListElement":[{"@type":"ListItem","position":1,"name":"Home","item":"https:\/\/www.allikukivi.ee\/en\/"},{"@type":"ListItem","position":2,"name":"Shop","item":"https:\/\/www.allikukivi.ee\/en\/shop\/"},{"@type":"ListItem","position":3,"name":"Vaarikavein"}]},{"@type":"WebSite","@id":"https:\/\/www.allikukivi.ee\/en\/#website","url":"https:\/\/www.allikukivi.ee\/en\/","name":"Allikukivi Veinim\u00f5is","description":"","publisher":{"@id":"https:\/\/www.allikukivi.ee\/en\/#organization"},"potentialAction":[{"@type":"SearchAction","target":{"@type":"EntryPoint","urlTemplate":"https:\/\/www.allikukivi.ee\/en\/?s={search_term_string}"},"query-input":{"@type":"PropertyValueSpecification","valueRequired":true,"valueName":"search_term_string"}}],"inLanguage":"en-US"},{"@type":"Organization","@id":"https:\/\/www.allikukivi.ee\/en\/#organization","name":"Allikukivi Veinim\u00f5is","url":"https:\/\/www.allikukivi.ee\/en\/","logo":{"@type":"ImageObject","inLanguage":"en-US","@id":"https:\/\/www.allikukivi.ee\/en\/#\/schema\/logo\/image\/","url":"https:\/\/www.allikukivi.ee\/wp-content\/uploads\/2020\/01\/logo_taustaga-4.png","contentUrl":"https:\/\/www.allikukivi.ee\/wp-content\/uploads\/2020\/01\/logo_taustaga-4.png","width":690,"height":465,"caption":"Allikukivi Veinim\u00f5is"},"image":{"@id":"https:\/\/www.allikukivi.ee\/en\/#\/schema\/logo\/image\/"},"sameAs":["https:\/\/www.facebook.com\/allikukiviveinimois\/"]}]}},"_links":{"self":[{"href":"https:\/\/www.allikukivi.ee\/en\/wp-json\/wp\/v2\/product\/1463","targetHints":{"allow":["GET"]}}],"collection":[{"href":"https:\/\/www.allikukivi.ee\/en\/wp-json\/wp\/v2\/product"}],"about":[{"href":"https:\/\/www.allikukivi.ee\/en\/wp-json\/wp\/v2\/types\/product"}],"wp:featuredmedia":[{"embeddable":true,"href":"https:\/\/www.allikukivi.ee\/en\/wp-json\/wp\/v2\/media\/2584"}],"wp:attachment":[{"href":"https:\/\/www.allikukivi.ee\/en\/wp-json\/wp\/v2\/media?parent=1463"}],"wp:term":[{"taxonomy":"product_brand","embeddable":true,"href":"https:\/\/www.allikukivi.ee\/en\/wp-json\/wp\/v2\/product_brand?post=1463"},{"taxonomy":"product_cat","embeddable":true,"href":"https:\/\/www.allikukivi.ee\/en\/wp-json\/wp\/v2\/product_cat?post=1463"},{"taxonomy":"product_tag","embeddable":true,"href":"https:\/\/www.allikukivi.ee\/en\/wp-json\/wp\/v2\/product_tag?post=1463"}],"curies":[{"name":"wp","href":"https:\/\/api.w.org\/{rel}","templated":true}]}}