{"id":1381,"date":"2020-11-15T23:52:51","date_gmt":"2020-11-15T21:52:51","guid":{"rendered":"https:\/\/www.allikukivi.ee\/?post_type=product&#038;p=1381"},"modified":"2024-11-25T09:44:48","modified_gmt":"2024-11-25T07:44:48","slug":"rabarberivein","status":"publish","type":"product","link":"https:\/\/www.allikukivi.ee\/en\/toode\/rabarberivein\/","title":{"rendered":"Rabarberivein"},"content":{"rendered":"","protected":false},"excerpt":{"rendered":"<p><span style=\"color: #993300;\">Tegemist on kuiva ja kerge valge veiniga. Aroomis v\u00e4rske, kerge ning raberberine. Maitses on tunda rabarberit, tsitruseid. Kergelt magusa alatooniga. Sobib kenasti aperatiiviks, kui ka klassikalise Eesti toidu juurde, milleks on hapukapsas ja kartul. Veinis on piisavalt hapet, et toidu rasvasust pehmendada.<br \/>\nSuurep\u00e4rane vein salatie ja kergemate roogade juurde<\/span><\/p>\n<p><span style=\"color: #993300;\">Serveerida 6-8\u00b0C<\/span><\/p>\n<p><span style=\"color: #993300;\">Rabarberivein on meie klientide poolt enim kiidetud!<\/span><\/p>\n<p><span style=\"color: #993300;\">\u00a0<\/span><\/p>\n","protected":false},"featured_media":2588,"template":"","meta":[],"product_brand":[],"product_cat":[15],"product_tag":[],"class_list":{"0":"post-1381","1":"product","2":"type-product","3":"status-publish","4":"has-post-thumbnail","6":"product_cat-veinid","8":"first","9":"instock","10":"shipping-taxable","11":"purchasable","12":"product-type-simple"},"yoast_head":"<!-- This site is optimized with the Yoast SEO plugin v25.3.1 - https:\/\/yoast.com\/wordpress\/plugins\/seo\/ -->\n<title>Rabarberivein - Allikukivi Veinim\u00f5is<\/title>\n<meta name=\"description\" content=\"Allikukivi Veinim\u00f5isa \u00fcks k\u00f5ige populaarsemaid veine. Tegemist on kuiva ja kerge valge veiniga. V\u00e4rske, kerge ja m\u00f5nusalt rabarberine.\" \/>\n<meta name=\"robots\" content=\"index, follow, max-snippet:-1, max-image-preview:large, max-video-preview:-1\" \/>\n<link rel=\"canonical\" href=\"https:\/\/www.allikukivi.ee\/en\/toode\/rabarberivein\/\" \/>\n<meta property=\"og:locale\" content=\"en_US\" \/>\n<meta property=\"og:type\" content=\"article\" \/>\n<meta property=\"og:title\" content=\"Rabarberivein - Allikukivi Veinim\u00f5is\" \/>\n<meta property=\"og:description\" content=\"Allikukivi Veinim\u00f5isa \u00fcks k\u00f5ige populaarsemaid veine. Tegemist on kuiva ja kerge valge veiniga. V\u00e4rske, kerge ja m\u00f5nusalt rabarberine.\" \/>\n<meta property=\"og:url\" content=\"https:\/\/www.allikukivi.ee\/en\/toode\/rabarberivein\/\" \/>\n<meta property=\"og:site_name\" content=\"Allikukivi Veinim\u00f5is\" \/>\n<meta property=\"article:publisher\" content=\"https:\/\/www.facebook.com\/allikukiviveinimois\/\" \/>\n<meta property=\"article:modified_time\" content=\"2024-11-25T07:44:48+00:00\" \/>\n<meta property=\"og:image\" content=\"https:\/\/www.allikukivi.ee\/wp-content\/uploads\/2020\/11\/Allikukivi_8411_LR1200.jpg\" \/>\n\t<meta property=\"og:image:width\" content=\"1200\" \/>\n\t<meta property=\"og:image:height\" content=\"1200\" \/>\n\t<meta property=\"og:image:type\" content=\"image\/jpeg\" \/>\n<meta name=\"twitter:card\" content=\"summary_large_image\" \/>\n<meta name=\"twitter:label1\" content=\"Est. reading time\" \/>\n\t<meta name=\"twitter:data1\" content=\"1 minute\" \/>\n<script type=\"application\/ld+json\" class=\"yoast-schema-graph\">{\"@context\":\"https:\/\/schema.org\",\"@graph\":[{\"@type\":\"WebPage\",\"@id\":\"https:\/\/www.allikukivi.ee\/en\/toode\/rabarberivein\/\",\"url\":\"https:\/\/www.allikukivi.ee\/en\/toode\/rabarberivein\/\",\"name\":\"Rabarberivein - Allikukivi Veinim\u00f5is\",\"isPartOf\":{\"@id\":\"https:\/\/www.allikukivi.ee\/en\/#website\"},\"primaryImageOfPage\":{\"@id\":\"https:\/\/www.allikukivi.ee\/en\/toode\/rabarberivein\/#primaryimage\"},\"image\":{\"@id\":\"https:\/\/www.allikukivi.ee\/en\/toode\/rabarberivein\/#primaryimage\"},\"thumbnailUrl\":\"https:\/\/www.allikukivi.ee\/wp-content\/uploads\/2020\/11\/Allikukivi_8411_LR1200.jpg\",\"datePublished\":\"2020-11-15T21:52:51+00:00\",\"dateModified\":\"2024-11-25T07:44:48+00:00\",\"description\":\"Allikukivi Veinim\u00f5isa \u00fcks k\u00f5ige populaarsemaid veine. Tegemist on kuiva ja kerge valge veiniga. V\u00e4rske, kerge ja m\u00f5nusalt rabarberine.\",\"breadcrumb\":{\"@id\":\"https:\/\/www.allikukivi.ee\/en\/toode\/rabarberivein\/#breadcrumb\"},\"inLanguage\":\"en-US\",\"potentialAction\":[{\"@type\":\"ReadAction\",\"target\":[\"https:\/\/www.allikukivi.ee\/en\/toode\/rabarberivein\/\"]}]},{\"@type\":\"ImageObject\",\"inLanguage\":\"en-US\",\"@id\":\"https:\/\/www.allikukivi.ee\/en\/toode\/rabarberivein\/#primaryimage\",\"url\":\"https:\/\/www.allikukivi.ee\/wp-content\/uploads\/2020\/11\/Allikukivi_8411_LR1200.jpg\",\"contentUrl\":\"https:\/\/www.allikukivi.ee\/wp-content\/uploads\/2020\/11\/Allikukivi_8411_LR1200.jpg\",\"width\":1200,\"height\":1200},{\"@type\":\"BreadcrumbList\",\"@id\":\"https:\/\/www.allikukivi.ee\/en\/toode\/rabarberivein\/#breadcrumb\",\"itemListElement\":[{\"@type\":\"ListItem\",\"position\":1,\"name\":\"Home\",\"item\":\"https:\/\/www.allikukivi.ee\/en\/\"},{\"@type\":\"ListItem\",\"position\":2,\"name\":\"Shop\",\"item\":\"https:\/\/www.allikukivi.ee\/en\/shop\/\"},{\"@type\":\"ListItem\",\"position\":3,\"name\":\"Rabarberivein\"}]},{\"@type\":\"WebSite\",\"@id\":\"https:\/\/www.allikukivi.ee\/en\/#website\",\"url\":\"https:\/\/www.allikukivi.ee\/en\/\",\"name\":\"Allikukivi Veinim\u00f5is\",\"description\":\"\",\"publisher\":{\"@id\":\"https:\/\/www.allikukivi.ee\/en\/#organization\"},\"potentialAction\":[{\"@type\":\"SearchAction\",\"target\":{\"@type\":\"EntryPoint\",\"urlTemplate\":\"https:\/\/www.allikukivi.ee\/en\/?s={search_term_string}\"},\"query-input\":{\"@type\":\"PropertyValueSpecification\",\"valueRequired\":true,\"valueName\":\"search_term_string\"}}],\"inLanguage\":\"en-US\"},{\"@type\":\"Organization\",\"@id\":\"https:\/\/www.allikukivi.ee\/en\/#organization\",\"name\":\"Allikukivi Veinim\u00f5is\",\"url\":\"https:\/\/www.allikukivi.ee\/en\/\",\"logo\":{\"@type\":\"ImageObject\",\"inLanguage\":\"en-US\",\"@id\":\"https:\/\/www.allikukivi.ee\/en\/#\/schema\/logo\/image\/\",\"url\":\"https:\/\/www.allikukivi.ee\/wp-content\/uploads\/2020\/01\/logo_taustaga-4.png\",\"contentUrl\":\"https:\/\/www.allikukivi.ee\/wp-content\/uploads\/2020\/01\/logo_taustaga-4.png\",\"width\":690,\"height\":465,\"caption\":\"Allikukivi Veinim\u00f5is\"},\"image\":{\"@id\":\"https:\/\/www.allikukivi.ee\/en\/#\/schema\/logo\/image\/\"},\"sameAs\":[\"https:\/\/www.facebook.com\/allikukiviveinimois\/\"]}]}<\/script>\n<!-- \/ Yoast SEO plugin. -->","yoast_head_json":{"title":"Rabarberivein - Allikukivi Veinim\u00f5is","description":"Allikukivi Veinim\u00f5isa \u00fcks k\u00f5ige populaarsemaid veine. Tegemist on kuiva ja kerge valge veiniga. V\u00e4rske, kerge ja m\u00f5nusalt rabarberine.","robots":{"index":"index","follow":"follow","max-snippet":"max-snippet:-1","max-image-preview":"max-image-preview:large","max-video-preview":"max-video-preview:-1"},"canonical":"https:\/\/www.allikukivi.ee\/en\/toode\/rabarberivein\/","og_locale":"en_US","og_type":"article","og_title":"Rabarberivein - Allikukivi Veinim\u00f5is","og_description":"Allikukivi Veinim\u00f5isa \u00fcks k\u00f5ige populaarsemaid veine. Tegemist on kuiva ja kerge valge veiniga. V\u00e4rske, kerge ja m\u00f5nusalt rabarberine.","og_url":"https:\/\/www.allikukivi.ee\/en\/toode\/rabarberivein\/","og_site_name":"Allikukivi Veinim\u00f5is","article_publisher":"https:\/\/www.facebook.com\/allikukiviveinimois\/","article_modified_time":"2024-11-25T07:44:48+00:00","og_image":[{"width":1200,"height":1200,"url":"https:\/\/www.allikukivi.ee\/wp-content\/uploads\/2020\/11\/Allikukivi_8411_LR1200.jpg","type":"image\/jpeg"}],"twitter_card":"summary_large_image","twitter_misc":{"Est. reading time":"1 minute"},"schema":{"@context":"https:\/\/schema.org","@graph":[{"@type":"WebPage","@id":"https:\/\/www.allikukivi.ee\/en\/toode\/rabarberivein\/","url":"https:\/\/www.allikukivi.ee\/en\/toode\/rabarberivein\/","name":"Rabarberivein - Allikukivi Veinim\u00f5is","isPartOf":{"@id":"https:\/\/www.allikukivi.ee\/en\/#website"},"primaryImageOfPage":{"@id":"https:\/\/www.allikukivi.ee\/en\/toode\/rabarberivein\/#primaryimage"},"image":{"@id":"https:\/\/www.allikukivi.ee\/en\/toode\/rabarberivein\/#primaryimage"},"thumbnailUrl":"https:\/\/www.allikukivi.ee\/wp-content\/uploads\/2020\/11\/Allikukivi_8411_LR1200.jpg","datePublished":"2020-11-15T21:52:51+00:00","dateModified":"2024-11-25T07:44:48+00:00","description":"Allikukivi Veinim\u00f5isa \u00fcks k\u00f5ige populaarsemaid veine. Tegemist on kuiva ja kerge valge veiniga. V\u00e4rske, kerge ja m\u00f5nusalt rabarberine.","breadcrumb":{"@id":"https:\/\/www.allikukivi.ee\/en\/toode\/rabarberivein\/#breadcrumb"},"inLanguage":"en-US","potentialAction":[{"@type":"ReadAction","target":["https:\/\/www.allikukivi.ee\/en\/toode\/rabarberivein\/"]}]},{"@type":"ImageObject","inLanguage":"en-US","@id":"https:\/\/www.allikukivi.ee\/en\/toode\/rabarberivein\/#primaryimage","url":"https:\/\/www.allikukivi.ee\/wp-content\/uploads\/2020\/11\/Allikukivi_8411_LR1200.jpg","contentUrl":"https:\/\/www.allikukivi.ee\/wp-content\/uploads\/2020\/11\/Allikukivi_8411_LR1200.jpg","width":1200,"height":1200},{"@type":"BreadcrumbList","@id":"https:\/\/www.allikukivi.ee\/en\/toode\/rabarberivein\/#breadcrumb","itemListElement":[{"@type":"ListItem","position":1,"name":"Home","item":"https:\/\/www.allikukivi.ee\/en\/"},{"@type":"ListItem","position":2,"name":"Shop","item":"https:\/\/www.allikukivi.ee\/en\/shop\/"},{"@type":"ListItem","position":3,"name":"Rabarberivein"}]},{"@type":"WebSite","@id":"https:\/\/www.allikukivi.ee\/en\/#website","url":"https:\/\/www.allikukivi.ee\/en\/","name":"Allikukivi Veinim\u00f5is","description":"","publisher":{"@id":"https:\/\/www.allikukivi.ee\/en\/#organization"},"potentialAction":[{"@type":"SearchAction","target":{"@type":"EntryPoint","urlTemplate":"https:\/\/www.allikukivi.ee\/en\/?s={search_term_string}"},"query-input":{"@type":"PropertyValueSpecification","valueRequired":true,"valueName":"search_term_string"}}],"inLanguage":"en-US"},{"@type":"Organization","@id":"https:\/\/www.allikukivi.ee\/en\/#organization","name":"Allikukivi Veinim\u00f5is","url":"https:\/\/www.allikukivi.ee\/en\/","logo":{"@type":"ImageObject","inLanguage":"en-US","@id":"https:\/\/www.allikukivi.ee\/en\/#\/schema\/logo\/image\/","url":"https:\/\/www.allikukivi.ee\/wp-content\/uploads\/2020\/01\/logo_taustaga-4.png","contentUrl":"https:\/\/www.allikukivi.ee\/wp-content\/uploads\/2020\/01\/logo_taustaga-4.png","width":690,"height":465,"caption":"Allikukivi Veinim\u00f5is"},"image":{"@id":"https:\/\/www.allikukivi.ee\/en\/#\/schema\/logo\/image\/"},"sameAs":["https:\/\/www.facebook.com\/allikukiviveinimois\/"]}]}},"_links":{"self":[{"href":"https:\/\/www.allikukivi.ee\/en\/wp-json\/wp\/v2\/product\/1381","targetHints":{"allow":["GET"]}}],"collection":[{"href":"https:\/\/www.allikukivi.ee\/en\/wp-json\/wp\/v2\/product"}],"about":[{"href":"https:\/\/www.allikukivi.ee\/en\/wp-json\/wp\/v2\/types\/product"}],"wp:featuredmedia":[{"embeddable":true,"href":"https:\/\/www.allikukivi.ee\/en\/wp-json\/wp\/v2\/media\/2588"}],"wp:attachment":[{"href":"https:\/\/www.allikukivi.ee\/en\/wp-json\/wp\/v2\/media?parent=1381"}],"wp:term":[{"taxonomy":"product_brand","embeddable":true,"href":"https:\/\/www.allikukivi.ee\/en\/wp-json\/wp\/v2\/product_brand?post=1381"},{"taxonomy":"product_cat","embeddable":true,"href":"https:\/\/www.allikukivi.ee\/en\/wp-json\/wp\/v2\/product_cat?post=1381"},{"taxonomy":"product_tag","embeddable":true,"href":"https:\/\/www.allikukivi.ee\/en\/wp-json\/wp\/v2\/product_tag?post=1381"}],"curies":[{"name":"wp","href":"https:\/\/api.w.org\/{rel}","templated":true}]}}