{"id":2046,"date":"2022-03-08T16:45:56","date_gmt":"2022-03-08T14:45:56","guid":{"rendered":"https:\/\/www.allikukivi.ee\/?page_id=2046"},"modified":"2022-03-08T16:45:56","modified_gmt":"2022-03-08T14:45:56","slug":"projects","status":"publish","type":"page","link":"https:\/\/www.allikukivi.ee\/en\/projects\/","title":{"rendered":"Projects"},"content":{"rendered":"<div class=\"wpb-content-wrapper\"><p>[vc_section css=&#8221;.vc_custom_1580329318908{padding-top: 100px !important;padding-bottom: 100px !important;}&#8221;][vc_row][vc_column width=&#8221;1\/6&#8243;][\/vc_column][vc_column width=&#8221;2\/3&#8243;][vc_column_text]<\/p>\n<p style=\"margin: 0cm; background: white;\"><strong><span lang=\"ET\" style=\"font-size: 15.0pt; font-family: 'Montserrat',serif; color: #78160f;\">Projekt: Allikukivi pargi virtuaaltuur<\/span><\/strong><\/p>\n<p>&nbsp;<\/p>\n<p style=\"background: white; margin: 0cm 0cm 13.2pt 0cm;\"><span lang=\"ET\" style=\"font-size: 15.0pt; font-family: 'Montserrat',serif; color: #78160f;\">Rahastamise allikas: Leader-meetme raames antav projektitoetus (MAK 214-2020 meede Romantilise Rannatee \u00fchistegevus ja turundus)<\/span><\/p>\n<p style=\"background: white; margin: 0cm 0cm 13.2pt 0cm;\"><span lang=\"ET\" style=\"font-size: 15.0pt; font-family: 'Montserrat',serif; color: #78160f;\">Toetuse summa 1508,40, kogumaksumus 2 514.00<\/span><\/p>\n<p style=\"background: white; margin: 0cm 0cm 13.2pt 0cm;\"><span lang=\"ET\" style=\"font-size: 15.0pt; font-family: 'Montserrat',serif; color: #78160f;\">Projekti eesm\u00e4rgid ja oodatavad tulemused: Virtuaaltuur on oluline ja kaasaegne turundusvahend Rannatee \u00fche omap\u00e4rasema k\u00fclastusobjekti, Allikukivi pargi ja h\u00e4\u00e4rberi, turundamiseks meedia vahendusel. Virtuaaltuuri abil soovitakse j\u00f5uda potensiaalste k\u00fclastajateni, neis huvi \u00e4ratada ja seel\u00e4bi k\u00fclatajate arvu kasvatada. Eesm\u00e4rgiks on k\u00fclastajate arvu kasvatamine Romantilisel Rannateel.<\/span><\/p>\n<p>&nbsp;<\/p>\n<p><strong>Projekt: K\u00fclastusruumide rajamine Allikukivi Veinim\u00f5isa keldriruumidesse <\/strong><\/p>\n<p>Rahastamise allikas: Leader-meetme raames antav projektitoetus (MAK 214-2020 meede Ettev\u00f5tluse arendamine ja mitmekesistamine)<\/p>\n<p>Toetuse summa 19 831.35, kogumaksumus 33 052.25<\/p>\n<p>Projekti eesm\u00e4rgid ja oodatavad tulemused: Uute k\u00fclastajaruumide kasutuselev\u00f5tuga suureneb v\u00f5imalus k\u00fclastajate paremaks teenindamiseks. Uutes ruumides on v\u00f5imalik ilmast s\u00f5ltumatult viia l\u00e4bi degusteerimisi, tutvustada veinitegemist, korraldada seminare ja \u00fcritusi. K\u00fclastajaruumide kasutusele v\u00f5tmine v\u00f5imaldab pikendada k\u00fclastushooaega hooajast s\u00f5ltumatuks. Hooajast s\u00f5ltumatu k\u00fclastusv\u00f5imaluse loomine toob juurde k\u00fclastuse kasvu v\u00e4hemalt 1,3 korda aastas.<\/p>\n<p><b>Projekt: Allikukivi h\u00e4\u00e4rberi keldri kohandamine tootmisruumideks<\/b><\/p>\n<p>Rahastamise allikas: Leader-meetme raames antav projektitoetus (MAK 214-2020 meede Ettev\u00f5tluse arendamine ja mitmekesistamine)<\/p>\n<p>Toetuse summa 49 762,38, kogumaksumus 99 524,76<\/p>\n<p>Projekti eesm\u00e4rgid ja oodatavad tulemused: Projekti eesm\u00e4rgiks on luua ajalooliste m\u00fc\u00fcride vahele kaasaegseid toidutootmise n\u00f5udeid arvestav veinikoda. Uued ruumid v\u00f5imaldavad v\u00f5tta kasutusele v\u00e4iketootmiseks m\u00f5eldud seadmed ja kasvatada tootmismahtu rohkem kui 3 korda. Uue veinikoja planeerimisel on arvestatud k\u00fclastaja teekonnaga tootmisruumides, mis v\u00f5imaldab pakkuda elamust keldri ajaloolisest arhitektuurist ja \u00fcllatusmomenti kaasaegsest tootmisest.<\/p>\n<p>Projekti elluviimisel suurenev tootmisv\u00f5imsus v\u00f5imaldab ettev\u00f5ttel tagada majandustegevuse j\u00e4tkusuutlikkust ning j\u00e4tkata arendustegevustega nii tootearenduses, kui turismiteenuste arendamises. Suuremad ruumid ja suurem tootmismaht v\u00f5imaldavad luua juurde ka t\u00f6\u00f6kohti.<\/p>\n<p>Veinikoja valmimisel tekib v\u00f5imalus uute turismitoodete v\u00e4ljaarendamiseks, mis kasvataks k\u00fclastajate arvu v\u00e4hemalt kolm korda, muutes Allikukivi Veinim\u00f5isa piirkonna \u00fcheks atraktiivsemaks ja k\u00fclastatavamaks turismiobjektiks. Samuti tooks turistide k\u00fclastatavuse t\u00f5us majanduslikku kasu ka sama piirkonna teistele ettev\u00f5tetele ning aitaks kasvada ja laieneda v\u00f5rgustikuna.<\/p>\n<p><b>Projekt: V\u00e4iket\u00f6\u00f6stuse seadmete soetamine<\/b><\/p>\n<p>Rahastamise allikas: Leader-meetme raames antav projektitoetus (MAK 214-2020 meede Ettev\u00f5tluse arendamine ja mitmekesistamine)<\/p>\n<p>Toetuse summa 13 024,80, kogumaksumus 21 708<\/p>\n<p>Projekti eesm\u00e4rgid ja oodatavad tulemused: V\u00e4iketootmiseks m\u00f5eldud tootmisseadmed v\u00f5imaldavad tootmist suurendada kolm korda. Projekti raames on plaanis hankida marjade ja puuviljade \u00fcmbert\u00f6\u00f6tlusvahendid: \u00f5unapurusti, marjapurusti ja press ning mahutid veini k\u00e4\u00e4ritamiseks ning k\u00fcpsemiseks, suurendades mahutite mahtu 6000 liitri v\u00f5rra. Samuti on plaanis soetada mahutite suurust arvestav villimisseade, vajalikud voolikud ja pumbad. Investeering kataks kogu tootmisahela kolm korda suurema tootmisv\u00f5imsuse korral.<\/p>\n<p><img fetchpriority=\"high\" class=\"alignnone wp-image-846\" src=\"https:\/\/allikukivi.ee\/wp-content\/uploads\/2020\/01\/Uus-Leader-logo-koos-PLPK-logoga.png\" alt=\"\" width=\"782\" height=\"220\" srcset=\"https:\/\/www.allikukivi.ee\/wp-content\/uploads\/2020\/01\/Uus-Leader-logo-koos-PLPK-logoga.png 970w, https:\/\/www.allikukivi.ee\/wp-content\/uploads\/2020\/01\/Uus-Leader-logo-koos-PLPK-logoga-600x169.png 600w, https:\/\/www.allikukivi.ee\/wp-content\/uploads\/2020\/01\/Uus-Leader-logo-koos-PLPK-logoga-300x84.png 300w, https:\/\/www.allikukivi.ee\/wp-content\/uploads\/2020\/01\/Uus-Leader-logo-koos-PLPK-logoga-768x216.png 768w\" sizes=\"(max-width: 782px) 100vw, 782px\" \/>[\/vc_column_text][\/vc_column][vc_column width=&#8221;1\/6&#8243;][\/vc_column][\/vc_row][\/vc_section][vc_section full_width=&#8221;stretch_row_content&#8221; css=&#8221;.vc_custom_1580421234298{padding-top: 0px !important;}&#8221;][vc_row][vc_column css=&#8221;.vc_custom_1580421216716{padding-top: 0px !important;}&#8221;]\n\t\t\t<!-- START Majutus | P\u00e4is (EE) REVOLUTION SLIDER 6.7.34 --><p class=\"rs-p-wp-fix\"><\/p>\n\t\t\t<rs-module-wrap id=\"rev_slider_10_1_wrapper\" data-source=\"gallery\" style=\"visibility:hidden;background:transparent;padding:0;margin:0px auto;margin-top:0;margin-bottom:0;\">\n\t\t\t\t<rs-module id=\"rev_slider_10_1\" style=\"\" data-version=\"6.7.34\">\n\t\t\t\t\t<rs-slides style=\"overflow: hidden; position: absolute;\">\n\t\t\t\t\t\t<rs-slide style=\"position: absolute;\" data-key=\"rs-22\" data-title=\"Slide\" data-anim=\"adpr:false;\" data-in=\"o:0;\" data-out=\"a:false;\">\n\t\t\t\t\t\t\t<img src=\"\/\/www.allikukivi.ee\/wp-content\/plugins\/revslider\/sr6\/assets\/assets\/dummy.png\" alt=\"\" title=\"IMG_1520_2\" width=\"1280\" height=\"553\" class=\"rev-slidebg tp-rs-img rs-lazyload\" data-lazyload=\"\/\/www.allikukivi.ee\/wp-content\/uploads\/2021\/06\/IMG_1520_2.jpg\" data-bg=\"p:center bottom;\" data-parallax=\"14\" data-panzoom=\"d:5000ms;ss:100%;se:105%;os:0px\/0;oe:0px\/0;\" data-no-retina>\n<!--\n\t\t\t\t\t\t\t--><rs-layer\n\t\t\t\t\t\t\t\tid=\"slider-10-slide-22-layer-0\" \n\t\t\t\t\t\t\t\tdata-type=\"text\"\n\t\t\t\t\t\t\t\tdata-tsh=\"h:2px,2px,0px,0px;v:3px,3px,1px,0px;b:6px,6px,3px,1px;\"\n\t\t\t\t\t\t\t\tdata-rsp_ch=\"on\"\n\t\t\t\t\t\t\t\tdata-xy=\"x:c;xo:6px,6px,3px,0;y:m;yo:108px,108px,86px,124px;\"\n\t\t\t\t\t\t\t\tdata-text=\"w:normal;s:58,58,75,50;l:58,58,75,50;ls:1px,1px,0px,0px;a:center;\"\n\t\t\t\t\t\t\t\tdata-dim=\"w:auto,auto,auto,438px;\"\n\t\t\t\t\t\t\t\tdata-border=\"bor:50px,50px,50px,50px;\"\n\t\t\t\t\t\t\t\tdata-frame_999=\"o:0;st:w;\"\n\t\t\t\t\t\t\t\tstyle=\"z-index:5;font-family:'Pridi';\"\n\t\t\t\t\t\t\t>\u00d6\u00f6bimine veinim\u00f5isas \n\t\t\t\t\t\t\t<\/rs-layer><!--\n\n\t\t\t\t\t\t\t--><a\n\t\t\t\t\t\t\t\tid=\"slider-10-slide-22-layer-3\" \n\t\t\t\t\t\t\t\tclass=\"rs-layer rev-btn\"\n\t\t\t\t\t\t\t\thref=\"https:\/\/bouk.io\/booking\/allikukivi\/424\/rooms\/64?language=et&#038;nights=1&#038;adults=2&#038;checkin=2023-06-01\" target=\"_self\" rel=\"nofollow\"\n\t\t\t\t\t\t\t\tdata-type=\"button\"\n\t\t\t\t\t\t\t\tdata-rsp_ch=\"on\"\n\t\t\t\t\t\t\t\tdata-xy=\"x:c;y:m,m,m,b;yo:194px,194px,156px,55px;\"\n\t\t\t\t\t\t\t\tdata-text=\"w:normal;s:16,16,12,25;l:40,40,32,50;fw:500;\"\n\t\t\t\t\t\t\t\tdata-dim=\"minh:0px,0px,none,none;\"\n\t\t\t\t\t\t\t\tdata-padding=\"t:5,5,4,2;r:45,45,36,37;b:5,5,4,2;l:45,45,36,37;\"\n\t\t\t\t\t\t\t\tdata-border=\"bos:solid;boc:#fffad9;bow:2px,2px,2px,2px;bor:25px,25px,25px,25px;\"\n\t\t\t\t\t\t\t\tdata-frame_999=\"o:0;st:w;\"\n\t\t\t\t\t\t\t\tdata-frame_hover=\"c:#000;bgc:#fff;boc:#fff;bor:25px,25px,25px,25px;bos:solid;bow:2px,2px,2px,2px;e:power1.inOut;\"\n\t\t\t\t\t\t\t\tstyle=\"z-index:8;background-color:rgba(0,0,0,0);font-family:'Montserrat';\"\n\t\t\t\t\t\t\t>Broneering ja hinnad \n\t\t\t\t\t\t\t<\/a><!--\n-->\t\t\t\t\t<\/rs-slide>\n\t\t\t\t\t<\/rs-slides>\n\t\t\t\t<\/rs-module>\n\t\t\t\t<script>\n\t\t\t\t\tsetREVStartSize({c: 'rev_slider_10_1',rl:[1240,1240,778,480],el:[640,640,700,800],gw:[1240,1240,1000,480],gh:[640,640,700,800],type:'standard',justify:'',layout:'fullwidth',mh:\"0\"});if (window.RS_MODULES!==undefined && window.RS_MODULES.modules!==undefined && window.RS_MODULES.modules[\"revslider101\"]!==undefined) {window.RS_MODULES.modules[\"revslider101\"].once = false;window.revapi10 = undefined;if (window.RS_MODULES.checkMinimal!==undefined) window.RS_MODULES.checkMinimal()}\n\t\t\t\t<\/script>\n\t\t\t<\/rs-module-wrap>\n\t\t\t<!-- END REVOLUTION SLIDER -->\n[\/vc_column][\/vc_row][\/vc_section]<\/p>\n<\/div>","protected":false},"excerpt":{"rendered":"<p>[vc_section css=&#8221;.vc_custom_1580329318908{padding-top: 100px !important;padding-bottom: 100px !important;}&#8221;][vc_row][vc_column width=&#8221;1\/6&#8243;][\/vc_column][vc_column width=&#8221;2\/3&#8243;][vc_column_text] Projekt: Allikukivi pargi virtuaaltuur &nbsp; Rahastamise allikas: Leader-meetme raames antav projektitoetus (MAK&#8230;<\/p>\n","protected":false},"author":1,"featured_media":0,"parent":0,"menu_order":0,"comment_status":"closed","ping_status":"closed","template":"","meta":{"footnotes":""},"class_list":["post-2046","page","type-page","status-publish"],"yoast_head":"<!-- This site is optimized with the Yoast SEO plugin v25.3.1 - https:\/\/yoast.com\/wordpress\/plugins\/seo\/ -->\n<title>Projects - Allikukivi Veinim\u00f5is<\/title>\n<meta name=\"robots\" content=\"index, follow, max-snippet:-1, max-image-preview:large, max-video-preview:-1\" \/>\n<link rel=\"canonical\" href=\"https:\/\/www.allikukivi.ee\/en\/projects\/\" \/>\n<meta property=\"og:locale\" content=\"en_US\" \/>\n<meta property=\"og:type\" content=\"article\" \/>\n<meta property=\"og:title\" content=\"Projects - Allikukivi Veinim\u00f5is\" \/>\n<meta property=\"og:description\" content=\"[vc_section css=&#8221;.vc_custom_1580329318908{padding-top: 100px !important;padding-bottom: 100px !important;}&#8221;][vc_row][vc_column width=&#8221;1\/6&#8243;][\/vc_column][vc_column width=&#8221;2\/3&#8243;][vc_column_text] Projekt: Allikukivi pargi virtuaaltuur &nbsp; Rahastamise allikas: Leader-meetme raames antav projektitoetus (MAK...\" \/>\n<meta property=\"og:url\" content=\"https:\/\/www.allikukivi.ee\/en\/projects\/\" \/>\n<meta property=\"og:site_name\" content=\"Allikukivi Veinim\u00f5is\" \/>\n<meta property=\"article:publisher\" content=\"https:\/\/www.facebook.com\/allikukiviveinimois\/\" \/>\n<meta property=\"og:image\" content=\"https:\/\/allikukivi.ee\/wp-content\/uploads\/2020\/01\/Uus-Leader-logo-koos-PLPK-logoga.png\" \/>\n<meta name=\"twitter:card\" content=\"summary_large_image\" \/>\n<meta name=\"twitter:label1\" content=\"Est. reading time\" \/>\n\t<meta name=\"twitter:data1\" content=\"3 minutes\" \/>\n<script type=\"application\/ld+json\" class=\"yoast-schema-graph\">{\"@context\":\"https:\/\/schema.org\",\"@graph\":[{\"@type\":\"WebPage\",\"@id\":\"https:\/\/www.allikukivi.ee\/en\/projects\/\",\"url\":\"https:\/\/www.allikukivi.ee\/en\/projects\/\",\"name\":\"Projects - Allikukivi Veinim\u00f5is\",\"isPartOf\":{\"@id\":\"https:\/\/www.allikukivi.ee\/en\/#website\"},\"primaryImageOfPage\":{\"@id\":\"https:\/\/www.allikukivi.ee\/en\/projects\/#primaryimage\"},\"image\":{\"@id\":\"https:\/\/www.allikukivi.ee\/en\/projects\/#primaryimage\"},\"thumbnailUrl\":\"https:\/\/allikukivi.ee\/wp-content\/uploads\/2020\/01\/Uus-Leader-logo-koos-PLPK-logoga.png\",\"datePublished\":\"2022-03-08T14:45:56+00:00\",\"breadcrumb\":{\"@id\":\"https:\/\/www.allikukivi.ee\/en\/projects\/#breadcrumb\"},\"inLanguage\":\"en-US\",\"potentialAction\":[{\"@type\":\"ReadAction\",\"target\":[\"https:\/\/www.allikukivi.ee\/en\/projects\/\"]}]},{\"@type\":\"ImageObject\",\"inLanguage\":\"en-US\",\"@id\":\"https:\/\/www.allikukivi.ee\/en\/projects\/#primaryimage\",\"url\":\"https:\/\/allikukivi.ee\/wp-content\/uploads\/2020\/01\/Uus-Leader-logo-koos-PLPK-logoga.png\",\"contentUrl\":\"https:\/\/allikukivi.ee\/wp-content\/uploads\/2020\/01\/Uus-Leader-logo-koos-PLPK-logoga.png\"},{\"@type\":\"BreadcrumbList\",\"@id\":\"https:\/\/www.allikukivi.ee\/en\/projects\/#breadcrumb\",\"itemListElement\":[{\"@type\":\"ListItem\",\"position\":1,\"name\":\"Home\",\"item\":\"https:\/\/www.allikukivi.ee\/en\/\"},{\"@type\":\"ListItem\",\"position\":2,\"name\":\"Projects\"}]},{\"@type\":\"WebSite\",\"@id\":\"https:\/\/www.allikukivi.ee\/en\/#website\",\"url\":\"https:\/\/www.allikukivi.ee\/en\/\",\"name\":\"Allikukivi Veinim\u00f5is\",\"description\":\"\",\"publisher\":{\"@id\":\"https:\/\/www.allikukivi.ee\/en\/#organization\"},\"potentialAction\":[{\"@type\":\"SearchAction\",\"target\":{\"@type\":\"EntryPoint\",\"urlTemplate\":\"https:\/\/www.allikukivi.ee\/en\/?s={search_term_string}\"},\"query-input\":{\"@type\":\"PropertyValueSpecification\",\"valueRequired\":true,\"valueName\":\"search_term_string\"}}],\"inLanguage\":\"en-US\"},{\"@type\":\"Organization\",\"@id\":\"https:\/\/www.allikukivi.ee\/en\/#organization\",\"name\":\"Allikukivi Veinim\u00f5is\",\"url\":\"https:\/\/www.allikukivi.ee\/en\/\",\"logo\":{\"@type\":\"ImageObject\",\"inLanguage\":\"en-US\",\"@id\":\"https:\/\/www.allikukivi.ee\/en\/#\/schema\/logo\/image\/\",\"url\":\"https:\/\/www.allikukivi.ee\/wp-content\/uploads\/2020\/01\/logo_taustaga-4.png\",\"contentUrl\":\"https:\/\/www.allikukivi.ee\/wp-content\/uploads\/2020\/01\/logo_taustaga-4.png\",\"width\":690,\"height\":465,\"caption\":\"Allikukivi Veinim\u00f5is\"},\"image\":{\"@id\":\"https:\/\/www.allikukivi.ee\/en\/#\/schema\/logo\/image\/\"},\"sameAs\":[\"https:\/\/www.facebook.com\/allikukiviveinimois\/\"]}]}<\/script>\n<!-- \/ Yoast SEO plugin. -->","yoast_head_json":{"title":"Projects - Allikukivi Veinim\u00f5is","robots":{"index":"index","follow":"follow","max-snippet":"max-snippet:-1","max-image-preview":"max-image-preview:large","max-video-preview":"max-video-preview:-1"},"canonical":"https:\/\/www.allikukivi.ee\/en\/projects\/","og_locale":"en_US","og_type":"article","og_title":"Projects - Allikukivi Veinim\u00f5is","og_description":"[vc_section css=&#8221;.vc_custom_1580329318908{padding-top: 100px !important;padding-bottom: 100px !important;}&#8221;][vc_row][vc_column width=&#8221;1\/6&#8243;][\/vc_column][vc_column width=&#8221;2\/3&#8243;][vc_column_text] Projekt: Allikukivi pargi virtuaaltuur &nbsp; Rahastamise allikas: Leader-meetme raames antav projektitoetus (MAK...","og_url":"https:\/\/www.allikukivi.ee\/en\/projects\/","og_site_name":"Allikukivi Veinim\u00f5is","article_publisher":"https:\/\/www.facebook.com\/allikukiviveinimois\/","og_image":[{"url":"https:\/\/allikukivi.ee\/wp-content\/uploads\/2020\/01\/Uus-Leader-logo-koos-PLPK-logoga.png","type":"","width":"","height":""}],"twitter_card":"summary_large_image","twitter_misc":{"Est. reading time":"3 minutes"},"schema":{"@context":"https:\/\/schema.org","@graph":[{"@type":"WebPage","@id":"https:\/\/www.allikukivi.ee\/en\/projects\/","url":"https:\/\/www.allikukivi.ee\/en\/projects\/","name":"Projects - Allikukivi Veinim\u00f5is","isPartOf":{"@id":"https:\/\/www.allikukivi.ee\/en\/#website"},"primaryImageOfPage":{"@id":"https:\/\/www.allikukivi.ee\/en\/projects\/#primaryimage"},"image":{"@id":"https:\/\/www.allikukivi.ee\/en\/projects\/#primaryimage"},"thumbnailUrl":"https:\/\/allikukivi.ee\/wp-content\/uploads\/2020\/01\/Uus-Leader-logo-koos-PLPK-logoga.png","datePublished":"2022-03-08T14:45:56+00:00","breadcrumb":{"@id":"https:\/\/www.allikukivi.ee\/en\/projects\/#breadcrumb"},"inLanguage":"en-US","potentialAction":[{"@type":"ReadAction","target":["https:\/\/www.allikukivi.ee\/en\/projects\/"]}]},{"@type":"ImageObject","inLanguage":"en-US","@id":"https:\/\/www.allikukivi.ee\/en\/projects\/#primaryimage","url":"https:\/\/allikukivi.ee\/wp-content\/uploads\/2020\/01\/Uus-Leader-logo-koos-PLPK-logoga.png","contentUrl":"https:\/\/allikukivi.ee\/wp-content\/uploads\/2020\/01\/Uus-Leader-logo-koos-PLPK-logoga.png"},{"@type":"BreadcrumbList","@id":"https:\/\/www.allikukivi.ee\/en\/projects\/#breadcrumb","itemListElement":[{"@type":"ListItem","position":1,"name":"Home","item":"https:\/\/www.allikukivi.ee\/en\/"},{"@type":"ListItem","position":2,"name":"Projects"}]},{"@type":"WebSite","@id":"https:\/\/www.allikukivi.ee\/en\/#website","url":"https:\/\/www.allikukivi.ee\/en\/","name":"Allikukivi Veinim\u00f5is","description":"","publisher":{"@id":"https:\/\/www.allikukivi.ee\/en\/#organization"},"potentialAction":[{"@type":"SearchAction","target":{"@type":"EntryPoint","urlTemplate":"https:\/\/www.allikukivi.ee\/en\/?s={search_term_string}"},"query-input":{"@type":"PropertyValueSpecification","valueRequired":true,"valueName":"search_term_string"}}],"inLanguage":"en-US"},{"@type":"Organization","@id":"https:\/\/www.allikukivi.ee\/en\/#organization","name":"Allikukivi Veinim\u00f5is","url":"https:\/\/www.allikukivi.ee\/en\/","logo":{"@type":"ImageObject","inLanguage":"en-US","@id":"https:\/\/www.allikukivi.ee\/en\/#\/schema\/logo\/image\/","url":"https:\/\/www.allikukivi.ee\/wp-content\/uploads\/2020\/01\/logo_taustaga-4.png","contentUrl":"https:\/\/www.allikukivi.ee\/wp-content\/uploads\/2020\/01\/logo_taustaga-4.png","width":690,"height":465,"caption":"Allikukivi Veinim\u00f5is"},"image":{"@id":"https:\/\/www.allikukivi.ee\/en\/#\/schema\/logo\/image\/"},"sameAs":["https:\/\/www.facebook.com\/allikukiviveinimois\/"]}]}},"_links":{"self":[{"href":"https:\/\/www.allikukivi.ee\/en\/wp-json\/wp\/v2\/pages\/2046","targetHints":{"allow":["GET"]}}],"collection":[{"href":"https:\/\/www.allikukivi.ee\/en\/wp-json\/wp\/v2\/pages"}],"about":[{"href":"https:\/\/www.allikukivi.ee\/en\/wp-json\/wp\/v2\/types\/page"}],"author":[{"embeddable":true,"href":"https:\/\/www.allikukivi.ee\/en\/wp-json\/wp\/v2\/users\/1"}],"replies":[{"embeddable":true,"href":"https:\/\/www.allikukivi.ee\/en\/wp-json\/wp\/v2\/comments?post=2046"}],"version-history":[{"count":3,"href":"https:\/\/www.allikukivi.ee\/en\/wp-json\/wp\/v2\/pages\/2046\/revisions"}],"predecessor-version":[{"id":2049,"href":"https:\/\/www.allikukivi.ee\/en\/wp-json\/wp\/v2\/pages\/2046\/revisions\/2049"}],"wp:attachment":[{"href":"https:\/\/www.allikukivi.ee\/en\/wp-json\/wp\/v2\/media?parent=2046"}],"curies":[{"name":"wp","href":"https:\/\/api.w.org\/{rel}","templated":true}]}}