{"id":1969,"date":"2022-03-08T12:22:06","date_gmt":"2022-03-08T10:22:06","guid":{"rendered":"https:\/\/www.allikukivi.ee\/?page_id=1969"},"modified":"2022-03-08T12:22:06","modified_gmt":"2022-03-08T10:22:06","slug":"covid-19","status":"publish","type":"page","link":"https:\/\/www.allikukivi.ee\/en\/covid-19\/","title":{"rendered":"Covid-19"},"content":{"rendered":"<div class=\"wpb-content-wrapper\"><p>[vc_section css=&#8221;.vc_custom_1580329318908{padding-top: 100px !important;padding-bottom: 100px !important;}&#8221;][vc_row][vc_column width=&#8221;1\/6&#8243;][\/vc_column][vc_column width=&#8221;2\/3&#8243;][vc_column_text]Visit P\u00e4rnu poolt v\u00e4lja antud m\u00e4rgisega \u201cSiin on COVID-19 turvaline\u201d kinnitame, et j\u00e4rgime meie tegutsemisvaldkonnale kehtestatud <a href=\"https:\/\/kriis.ee\/kriisi-juhtimine-kusimused-ja-vastused\/kriisi-juhtimine\/oigusaktid-ja-seletuskirjad\" target=\"_blank\" rel=\"noopener\">Vabariigi Valitsuse<\/a> korraldusi ja <a href=\"https:\/\/www.terviseamet.ee\/et\/koroonaviirus\/koroonaviiruse-haigus-covid-19-trukised-ja-juhendmaterjalid\" target=\"_blank\" rel=\"noopener\">Terviseameti<\/a> juhiseid, hoiame end nende j\u00e4rgimiseks infoga pidevalt kursis ning aitame k\u00fclastajatel t\u00e4ita kohapeal viiruse v\u00e4ltimise reegleid.<\/p>\n<p>&nbsp;<\/p>\n<ul>\n<li>k\u00fclastaja k\u00e4itumisjuhis ja teave teenusepakkuja poolt kasutusele v\u00f5etud Covid-19 viiruse leviku t\u00f5kestamise tegevuste kohta on k\u00e4ttesaadav;<\/li>\n<li>kogu personal on teadlik viiruse leviku t\u00f5kestamise juhtistest ja j\u00e4rgib neid igap\u00e4evat\u00f6\u00f6s;<\/li>\n<li>siseruumide ventilatsioonis\u00fcsteem t\u00f6\u00f6tab n\u00f5uetekohaselt;<\/li>\n<li>desovahendeid on piisavalt, need on k\u00f5ikidele n\u00e4htavates kohtades k\u00e4ttesaadavad;<\/li>\n<li>sageli puudutatavaid pindu puhastatakse ja desinfitseeritakse regulaarselt;<\/li>\n<li>personalil ja k\u00fclastajatel palutakse vastavalt kehtivatele riiklikele regulatsioonidele kanda maski v\u00f5i alternatiivset isikukaitsevahendit;<\/li>\n<li>tagatud vajaliku distantsi hoidmise v\u00f5imalus nii omavahel kui teenindajatega;<\/li>\n<li>haigustunnustega inimestel ei ole lubatud viibida avalikes ruumides ega teenindusalas;<\/li>\n<li>haigustunnustega kliendi v\u00f5i t\u00f6\u00f6tajaga kokku puutunud inimesi teavitatakse kokkupuutest, avaldamata isikuandmeid;<\/li>\n<li>osaleb Ettev\u00f5tluse Arendamise Sihtasutuse korraldatavatel COVID-19 leviku t\u00f5kestamist k\u00e4sitlevatel veebiseminaridel.<\/li>\n<\/ul>\n<p>&nbsp;<\/p>\n<p><span lang=\"EN-GB\">With the COVID-19 safety label, trusted to us by Visit P\u00e4rnu we confirm that we follow the requirements and instructions of the <\/span><a href=\"https:\/\/kriis.ee\/en\" target=\"_blank\" rel=\"noopener\"><span lang=\"EN-GB\">Government and the Health Board of Estonia<\/span><\/a> <span lang=\"EN-GB\">established for our field of activity, we keep up to date with the information and help visitors to comply with the virus prevention rules on site.<\/span>[\/vc_column_text][\/vc_column][vc_column width=&#8221;1\/6&#8243;][vc_single_image image=&#8221;1898&#8243;][\/vc_column][\/vc_row][\/vc_section][vc_section full_width=&#8221;stretch_row_content&#8221; css=&#8221;.vc_custom_1580421234298{padding-top: 0px !important;}&#8221;][vc_row][vc_column css=&#8221;.vc_custom_1580421216716{padding-top: 0px !important;}&#8221;]\n\t\t\t<!-- START Majutus | P\u00e4is (EE) REVOLUTION SLIDER 6.7.34 --><p class=\"rs-p-wp-fix\"><\/p>\n\t\t\t<rs-module-wrap id=\"rev_slider_10_1_wrapper\" data-source=\"gallery\" style=\"visibility:hidden;background:transparent;padding:0;margin:0px auto;margin-top:0;margin-bottom:0;\">\n\t\t\t\t<rs-module id=\"rev_slider_10_1\" style=\"\" data-version=\"6.7.34\">\n\t\t\t\t\t<rs-slides style=\"overflow: hidden; position: absolute;\">\n\t\t\t\t\t\t<rs-slide style=\"position: absolute;\" data-key=\"rs-22\" data-title=\"Slide\" data-anim=\"adpr:false;\" data-in=\"o:0;\" data-out=\"a:false;\">\n\t\t\t\t\t\t\t<img fetchpriority=\"high\" src=\"\/\/www.allikukivi.ee\/wp-content\/plugins\/revslider\/sr6\/assets\/assets\/dummy.png\" alt=\"\" title=\"IMG_1520_2\" width=\"1280\" height=\"553\" class=\"rev-slidebg tp-rs-img rs-lazyload\" data-lazyload=\"\/\/www.allikukivi.ee\/wp-content\/uploads\/2021\/06\/IMG_1520_2.jpg\" data-bg=\"p:center bottom;\" data-parallax=\"14\" data-panzoom=\"d:5000ms;ss:100%;se:105%;os:0px\/0;oe:0px\/0;\" data-no-retina>\n<!--\n\t\t\t\t\t\t\t--><rs-layer\n\t\t\t\t\t\t\t\tid=\"slider-10-slide-22-layer-0\" \n\t\t\t\t\t\t\t\tdata-type=\"text\"\n\t\t\t\t\t\t\t\tdata-tsh=\"h:2px,2px,0px,0px;v:3px,3px,1px,0px;b:6px,6px,3px,1px;\"\n\t\t\t\t\t\t\t\tdata-rsp_ch=\"on\"\n\t\t\t\t\t\t\t\tdata-xy=\"x:c;xo:6px,6px,3px,0;y:m;yo:108px,108px,86px,124px;\"\n\t\t\t\t\t\t\t\tdata-text=\"w:normal;s:58,58,75,50;l:58,58,75,50;ls:1px,1px,0px,0px;a:center;\"\n\t\t\t\t\t\t\t\tdata-dim=\"w:auto,auto,auto,438px;\"\n\t\t\t\t\t\t\t\tdata-border=\"bor:50px,50px,50px,50px;\"\n\t\t\t\t\t\t\t\tdata-frame_999=\"o:0;st:w;\"\n\t\t\t\t\t\t\t\tstyle=\"z-index:5;font-family:'Pridi';\"\n\t\t\t\t\t\t\t>\u00d6\u00f6bimine veinim\u00f5isas \n\t\t\t\t\t\t\t<\/rs-layer><!--\n\n\t\t\t\t\t\t\t--><a\n\t\t\t\t\t\t\t\tid=\"slider-10-slide-22-layer-3\" \n\t\t\t\t\t\t\t\tclass=\"rs-layer rev-btn\"\n\t\t\t\t\t\t\t\thref=\"https:\/\/bouk.io\/booking\/allikukivi\/424\/rooms\/64?language=et&#038;nights=1&#038;adults=2&#038;checkin=2023-06-01\" target=\"_self\" rel=\"nofollow\"\n\t\t\t\t\t\t\t\tdata-type=\"button\"\n\t\t\t\t\t\t\t\tdata-rsp_ch=\"on\"\n\t\t\t\t\t\t\t\tdata-xy=\"x:c;y:m,m,m,b;yo:194px,194px,156px,55px;\"\n\t\t\t\t\t\t\t\tdata-text=\"w:normal;s:16,16,12,25;l:40,40,32,50;fw:500;\"\n\t\t\t\t\t\t\t\tdata-dim=\"minh:0px,0px,none,none;\"\n\t\t\t\t\t\t\t\tdata-padding=\"t:5,5,4,2;r:45,45,36,37;b:5,5,4,2;l:45,45,36,37;\"\n\t\t\t\t\t\t\t\tdata-border=\"bos:solid;boc:#fffad9;bow:2px,2px,2px,2px;bor:25px,25px,25px,25px;\"\n\t\t\t\t\t\t\t\tdata-frame_999=\"o:0;st:w;\"\n\t\t\t\t\t\t\t\tdata-frame_hover=\"c:#000;bgc:#fff;boc:#fff;bor:25px,25px,25px,25px;bos:solid;bow:2px,2px,2px,2px;e:power1.inOut;\"\n\t\t\t\t\t\t\t\tstyle=\"z-index:8;background-color:rgba(0,0,0,0);font-family:'Montserrat';\"\n\t\t\t\t\t\t\t>Broneering ja hinnad \n\t\t\t\t\t\t\t<\/a><!--\n-->\t\t\t\t\t<\/rs-slide>\n\t\t\t\t\t<\/rs-slides>\n\t\t\t\t<\/rs-module>\n\t\t\t\t<script>\n\t\t\t\t\tsetREVStartSize({c: 'rev_slider_10_1',rl:[1240,1240,778,480],el:[640,640,700,800],gw:[1240,1240,1000,480],gh:[640,640,700,800],type:'standard',justify:'',layout:'fullwidth',mh:\"0\"});if (window.RS_MODULES!==undefined && window.RS_MODULES.modules!==undefined && window.RS_MODULES.modules[\"revslider101\"]!==undefined) {window.RS_MODULES.modules[\"revslider101\"].once = false;window.revapi10 = undefined;if (window.RS_MODULES.checkMinimal!==undefined) window.RS_MODULES.checkMinimal()}\n\t\t\t\t<\/script>\n\t\t\t<\/rs-module-wrap>\n\t\t\t<!-- END REVOLUTION SLIDER -->\n[\/vc_column][\/vc_row][\/vc_section]<\/p>\n<\/div>","protected":false},"excerpt":{"rendered":"<p>[vc_section css=&#8221;.vc_custom_1580329318908{padding-top: 100px !important;padding-bottom: 100px !important;}&#8221;][vc_row][vc_column width=&#8221;1\/6&#8243;][\/vc_column][vc_column width=&#8221;2\/3&#8243;][vc_column_text]Visit P\u00e4rnu poolt v\u00e4lja antud m\u00e4rgisega \u201cSiin on COVID-19 turvaline\u201d kinnitame, et j\u00e4rgime&#8230;<\/p>\n","protected":false},"author":1,"featured_media":0,"parent":0,"menu_order":0,"comment_status":"closed","ping_status":"closed","template":"","meta":{"footnotes":""},"class_list":["post-1969","page","type-page","status-publish"],"yoast_head":"<!-- This site is optimized with the Yoast SEO plugin v25.3.1 - https:\/\/yoast.com\/wordpress\/plugins\/seo\/ -->\n<title>Covid-19 - Allikukivi Veinim\u00f5is<\/title>\n<meta name=\"robots\" content=\"index, follow, max-snippet:-1, max-image-preview:large, max-video-preview:-1\" \/>\n<link rel=\"canonical\" href=\"https:\/\/www.allikukivi.ee\/en\/covid-19\/\" \/>\n<meta property=\"og:locale\" content=\"en_US\" \/>\n<meta property=\"og:type\" content=\"article\" \/>\n<meta property=\"og:title\" content=\"Covid-19 - Allikukivi Veinim\u00f5is\" \/>\n<meta property=\"og:description\" content=\"[vc_section css=&#8221;.vc_custom_1580329318908{padding-top: 100px !important;padding-bottom: 100px !important;}&#8221;][vc_row][vc_column width=&#8221;1\/6&#8243;][\/vc_column][vc_column width=&#8221;2\/3&#8243;][vc_column_text]Visit P\u00e4rnu poolt v\u00e4lja antud m\u00e4rgisega \u201cSiin on COVID-19 turvaline\u201d kinnitame, et j\u00e4rgime...\" \/>\n<meta property=\"og:url\" content=\"https:\/\/www.allikukivi.ee\/en\/covid-19\/\" \/>\n<meta property=\"og:site_name\" content=\"Allikukivi Veinim\u00f5is\" \/>\n<meta property=\"article:publisher\" content=\"https:\/\/www.facebook.com\/allikukiviveinimois\/\" \/>\n<meta name=\"twitter:card\" content=\"summary_large_image\" \/>\n<meta name=\"twitter:label1\" content=\"Est. reading time\" \/>\n\t<meta name=\"twitter:data1\" content=\"2 minutes\" \/>\n<script type=\"application\/ld+json\" class=\"yoast-schema-graph\">{\"@context\":\"https:\/\/schema.org\",\"@graph\":[{\"@type\":\"WebPage\",\"@id\":\"https:\/\/www.allikukivi.ee\/en\/covid-19\/\",\"url\":\"https:\/\/www.allikukivi.ee\/en\/covid-19\/\",\"name\":\"Covid-19 - Allikukivi Veinim\u00f5is\",\"isPartOf\":{\"@id\":\"https:\/\/www.allikukivi.ee\/en\/#website\"},\"datePublished\":\"2022-03-08T10:22:06+00:00\",\"breadcrumb\":{\"@id\":\"https:\/\/www.allikukivi.ee\/en\/covid-19\/#breadcrumb\"},\"inLanguage\":\"en-US\",\"potentialAction\":[{\"@type\":\"ReadAction\",\"target\":[\"https:\/\/www.allikukivi.ee\/en\/covid-19\/\"]}]},{\"@type\":\"BreadcrumbList\",\"@id\":\"https:\/\/www.allikukivi.ee\/en\/covid-19\/#breadcrumb\",\"itemListElement\":[{\"@type\":\"ListItem\",\"position\":1,\"name\":\"Home\",\"item\":\"https:\/\/www.allikukivi.ee\/en\/\"},{\"@type\":\"ListItem\",\"position\":2,\"name\":\"Covid-19\"}]},{\"@type\":\"WebSite\",\"@id\":\"https:\/\/www.allikukivi.ee\/en\/#website\",\"url\":\"https:\/\/www.allikukivi.ee\/en\/\",\"name\":\"Allikukivi Veinim\u00f5is\",\"description\":\"\",\"publisher\":{\"@id\":\"https:\/\/www.allikukivi.ee\/en\/#organization\"},\"potentialAction\":[{\"@type\":\"SearchAction\",\"target\":{\"@type\":\"EntryPoint\",\"urlTemplate\":\"https:\/\/www.allikukivi.ee\/en\/?s={search_term_string}\"},\"query-input\":{\"@type\":\"PropertyValueSpecification\",\"valueRequired\":true,\"valueName\":\"search_term_string\"}}],\"inLanguage\":\"en-US\"},{\"@type\":\"Organization\",\"@id\":\"https:\/\/www.allikukivi.ee\/en\/#organization\",\"name\":\"Allikukivi Veinim\u00f5is\",\"url\":\"https:\/\/www.allikukivi.ee\/en\/\",\"logo\":{\"@type\":\"ImageObject\",\"inLanguage\":\"en-US\",\"@id\":\"https:\/\/www.allikukivi.ee\/en\/#\/schema\/logo\/image\/\",\"url\":\"https:\/\/www.allikukivi.ee\/wp-content\/uploads\/2020\/01\/logo_taustaga-4.png\",\"contentUrl\":\"https:\/\/www.allikukivi.ee\/wp-content\/uploads\/2020\/01\/logo_taustaga-4.png\",\"width\":690,\"height\":465,\"caption\":\"Allikukivi Veinim\u00f5is\"},\"image\":{\"@id\":\"https:\/\/www.allikukivi.ee\/en\/#\/schema\/logo\/image\/\"},\"sameAs\":[\"https:\/\/www.facebook.com\/allikukiviveinimois\/\"]}]}<\/script>\n<!-- \/ Yoast SEO plugin. -->","yoast_head_json":{"title":"Covid-19 - Allikukivi Veinim\u00f5is","robots":{"index":"index","follow":"follow","max-snippet":"max-snippet:-1","max-image-preview":"max-image-preview:large","max-video-preview":"max-video-preview:-1"},"canonical":"https:\/\/www.allikukivi.ee\/en\/covid-19\/","og_locale":"en_US","og_type":"article","og_title":"Covid-19 - Allikukivi Veinim\u00f5is","og_description":"[vc_section css=&#8221;.vc_custom_1580329318908{padding-top: 100px !important;padding-bottom: 100px !important;}&#8221;][vc_row][vc_column width=&#8221;1\/6&#8243;][\/vc_column][vc_column width=&#8221;2\/3&#8243;][vc_column_text]Visit P\u00e4rnu poolt v\u00e4lja antud m\u00e4rgisega \u201cSiin on COVID-19 turvaline\u201d kinnitame, et j\u00e4rgime...","og_url":"https:\/\/www.allikukivi.ee\/en\/covid-19\/","og_site_name":"Allikukivi Veinim\u00f5is","article_publisher":"https:\/\/www.facebook.com\/allikukiviveinimois\/","twitter_card":"summary_large_image","twitter_misc":{"Est. reading time":"2 minutes"},"schema":{"@context":"https:\/\/schema.org","@graph":[{"@type":"WebPage","@id":"https:\/\/www.allikukivi.ee\/en\/covid-19\/","url":"https:\/\/www.allikukivi.ee\/en\/covid-19\/","name":"Covid-19 - Allikukivi Veinim\u00f5is","isPartOf":{"@id":"https:\/\/www.allikukivi.ee\/en\/#website"},"datePublished":"2022-03-08T10:22:06+00:00","breadcrumb":{"@id":"https:\/\/www.allikukivi.ee\/en\/covid-19\/#breadcrumb"},"inLanguage":"en-US","potentialAction":[{"@type":"ReadAction","target":["https:\/\/www.allikukivi.ee\/en\/covid-19\/"]}]},{"@type":"BreadcrumbList","@id":"https:\/\/www.allikukivi.ee\/en\/covid-19\/#breadcrumb","itemListElement":[{"@type":"ListItem","position":1,"name":"Home","item":"https:\/\/www.allikukivi.ee\/en\/"},{"@type":"ListItem","position":2,"name":"Covid-19"}]},{"@type":"WebSite","@id":"https:\/\/www.allikukivi.ee\/en\/#website","url":"https:\/\/www.allikukivi.ee\/en\/","name":"Allikukivi Veinim\u00f5is","description":"","publisher":{"@id":"https:\/\/www.allikukivi.ee\/en\/#organization"},"potentialAction":[{"@type":"SearchAction","target":{"@type":"EntryPoint","urlTemplate":"https:\/\/www.allikukivi.ee\/en\/?s={search_term_string}"},"query-input":{"@type":"PropertyValueSpecification","valueRequired":true,"valueName":"search_term_string"}}],"inLanguage":"en-US"},{"@type":"Organization","@id":"https:\/\/www.allikukivi.ee\/en\/#organization","name":"Allikukivi Veinim\u00f5is","url":"https:\/\/www.allikukivi.ee\/en\/","logo":{"@type":"ImageObject","inLanguage":"en-US","@id":"https:\/\/www.allikukivi.ee\/en\/#\/schema\/logo\/image\/","url":"https:\/\/www.allikukivi.ee\/wp-content\/uploads\/2020\/01\/logo_taustaga-4.png","contentUrl":"https:\/\/www.allikukivi.ee\/wp-content\/uploads\/2020\/01\/logo_taustaga-4.png","width":690,"height":465,"caption":"Allikukivi Veinim\u00f5is"},"image":{"@id":"https:\/\/www.allikukivi.ee\/en\/#\/schema\/logo\/image\/"},"sameAs":["https:\/\/www.facebook.com\/allikukiviveinimois\/"]}]}},"_links":{"self":[{"href":"https:\/\/www.allikukivi.ee\/en\/wp-json\/wp\/v2\/pages\/1969","targetHints":{"allow":["GET"]}}],"collection":[{"href":"https:\/\/www.allikukivi.ee\/en\/wp-json\/wp\/v2\/pages"}],"about":[{"href":"https:\/\/www.allikukivi.ee\/en\/wp-json\/wp\/v2\/types\/page"}],"author":[{"embeddable":true,"href":"https:\/\/www.allikukivi.ee\/en\/wp-json\/wp\/v2\/users\/1"}],"replies":[{"embeddable":true,"href":"https:\/\/www.allikukivi.ee\/en\/wp-json\/wp\/v2\/comments?post=1969"}],"version-history":[{"count":4,"href":"https:\/\/www.allikukivi.ee\/en\/wp-json\/wp\/v2\/pages\/1969\/revisions"}],"predecessor-version":[{"id":1973,"href":"https:\/\/www.allikukivi.ee\/en\/wp-json\/wp\/v2\/pages\/1969\/revisions\/1973"}],"wp:attachment":[{"href":"https:\/\/www.allikukivi.ee\/en\/wp-json\/wp\/v2\/media?parent=1969"}],"curies":[{"name":"wp","href":"https:\/\/api.w.org\/{rel}","templated":true}]}}